{"id":11572,"date":"2015-12-12T10:53:45","date_gmt":"2015-12-12T09:53:45","guid":{"rendered":"http:\/\/collegekerentrech.fr\/?page_id=11572"},"modified":"2016-01-05T07:30:36","modified_gmt":"2016-01-05T06:30:36","slug":"les-criteres-pour-une-micro-fusee","status":"publish","type":"page","link":"https:\/\/trefavensc.fr\/?page_id=11572","title":{"rendered":"Les crit\u00e8res pour une micro fus\u00e9e"},"content":{"rendered":"<ol>\n<li><span style=\"font-size: 14pt;\">L\u00e9g\u00e8ret\u00e9<\/span><\/li>\n<li><span style=\"font-size: 14pt;\">Solidit\u00e9<\/span><\/li>\n<li><span style=\"font-size: 14pt;\">L\u2019assemblage<\/span><\/li>\n<li><span style=\"font-size: 14pt;\">L\u2019ogive et sa fabrication<\/span><\/li>\n<li><span style=\"font-size: 14pt;\">Stabilit\u00e9 du vol et les calculs<\/span><\/li>\n<li><span style=\"font-size: 14pt;\">Les moteurs\u00a0: c\u2019est quoi\u00a0?<\/span><\/li>\n<li><span style=\"font-size: 14pt;\">Un parachute ou pas\u00a0?<\/span><\/li>\n<li><span style=\"font-size: 14pt;\">Le bon d\u00e9part\u00a0: comment\u00a0?<\/span><\/li>\n<\/ol>\n","protected":false},"excerpt":{"rendered":"<p>L\u00e9g\u00e8ret\u00e9 Solidit\u00e9 L\u2019assemblage L\u2019ogive et sa fabrication Stabilit\u00e9 du vol et les calculs Les moteurs\u00a0: c\u2019est quoi\u00a0? Un parachute ou pas\u00a0? Le bon d\u00e9part\u00a0: comment\u00a0?<\/p>\n","protected":false},"author":2,"featured_media":0,"parent":11607,"menu_order":1,"comment_status":"closed","ping_status":"closed","template":"","meta":{"ngg_post_thumbnail":0},"_links":{"self":[{"href":"https:\/\/trefavensc.fr\/index.php?rest_route=\/wp\/v2\/pages\/11572"}],"collection":[{"href":"https:\/\/trefavensc.fr\/index.php?rest_route=\/wp\/v2\/pages"}],"about":[{"href":"https:\/\/trefavensc.fr\/index.php?rest_route=\/wp\/v2\/types\/page"}],"author":[{"embeddable":true,"href":"https:\/\/trefavensc.fr\/index.php?rest_route=\/wp\/v2\/users\/2"}],"replies":[{"embeddable":true,"href":"https:\/\/trefavensc.fr\/index.php?rest_route=%2Fwp%2Fv2%2Fcomments&post=11572"}],"version-history":[{"count":4,"href":"https:\/\/trefavensc.fr\/index.php?rest_route=\/wp\/v2\/pages\/11572\/revisions"}],"predecessor-version":[{"id":11626,"href":"https:\/\/trefavensc.fr\/index.php?rest_route=\/wp\/v2\/pages\/11572\/revisions\/11626"}],"up":[{"embeddable":true,"href":"https:\/\/trefavensc.fr\/index.php?rest_route=\/wp\/v2\/pages\/11607"}],"wp:attachment":[{"href":"https:\/\/trefavensc.fr\/index.php?rest_route=%2Fwp%2Fv2%2Fmedia&parent=11572"}],"curies":[{"name":"wp","href":"https:\/\/api.w.org\/{rel}","templated":true}]}}