{"id":11574,"date":"2015-12-12T11:02:39","date_gmt":"2015-12-12T10:02:39","guid":{"rendered":"http:\/\/collegekerentrech.fr\/?page_id=11574"},"modified":"2020-01-25T09:13:56","modified_gmt":"2020-01-25T08:13:56","slug":"la-fusee-tintin-en-calcul","status":"publish","type":"page","link":"https:\/\/trefavensc.fr\/?page_id=11574","title":{"rendered":"Stabilit\u00e9 d&rsquo;une microfus\u00e9e + La fus\u00e9e Tintin en calcul"},"content":{"rendered":"<h3><img decoding=\"async\" loading=\"lazy\" class=\"wp-image-11575 alignright\" src=\"http:\/\/collegekerentrech.fr\/wp-content\/uploads\/2015\/12\/fusee-tintin.jpg\" alt=\"fusee-tintin\" width=\"98\" height=\"196\" srcset=\"https:\/\/trefavensc.fr\/wp-content\/uploads\/2015\/12\/fusee-tintin.jpg 225w, https:\/\/trefavensc.fr\/wp-content\/uploads\/2015\/12\/fusee-tintin-150x300.jpg 150w\" sizes=\"(max-width: 98px) 100vw, 98px\" \/><span style=\"font-size: 14pt;\">&nbsp; Stabilit\u00e9 d&rsquo;une micro fus\u00e9e :&nbsp;<\/span><\/h3>\n<p style=\"padding-left: 30px;\"><span style=\"font-size: 14pt;\"><a href=\"https:\/\/www.planete-sciences.org\/espace\/IMG\/xls\/stabtraj_v3-3.xls\" target=\"_blank\" rel=\"noopener noreferrer\">L&rsquo;application Stab &nbsp;Traj (feuille de calcul)<\/a><\/span><\/p>\n<p>&nbsp;<\/p>\n<p>&nbsp;<\/p>\n<h3>La feuille de calcul pour reproduire la fus\u00e9e Tintin ?<\/h3>\n<p style=\"padding-left: 30px;\"><a href=\"http:\/\/collegekerentrech.fr\/01-astronomie\/fusee-tintin-calcul.xls\" target=\"_blank\" rel=\"noopener noreferrer\">Cliquez ici<\/a><\/p>\n","protected":false},"excerpt":{"rendered":"<p>&nbsp; Stabilit\u00e9 d&rsquo;une micro fus\u00e9e :&nbsp; L&rsquo;application Stab &nbsp;Traj (feuille de calcul) &nbsp; &nbsp; La feuille de calcul pour reproduire la fus\u00e9e Tintin ? Cliquez ici<\/p>\n","protected":false},"author":2,"featured_media":0,"parent":11607,"menu_order":3,"comment_status":"closed","ping_status":"closed","template":"","meta":{"ngg_post_thumbnail":0},"_links":{"self":[{"href":"https:\/\/trefavensc.fr\/index.php?rest_route=\/wp\/v2\/pages\/11574"}],"collection":[{"href":"https:\/\/trefavensc.fr\/index.php?rest_route=\/wp\/v2\/pages"}],"about":[{"href":"https:\/\/trefavensc.fr\/index.php?rest_route=\/wp\/v2\/types\/page"}],"author":[{"embeddable":true,"href":"https:\/\/trefavensc.fr\/index.php?rest_route=\/wp\/v2\/users\/2"}],"replies":[{"embeddable":true,"href":"https:\/\/trefavensc.fr\/index.php?rest_route=%2Fwp%2Fv2%2Fcomments&post=11574"}],"version-history":[{"count":6,"href":"https:\/\/trefavensc.fr\/index.php?rest_route=\/wp\/v2\/pages\/11574\/revisions"}],"predecessor-version":[{"id":17810,"href":"https:\/\/trefavensc.fr\/index.php?rest_route=\/wp\/v2\/pages\/11574\/revisions\/17810"}],"up":[{"embeddable":true,"href":"https:\/\/trefavensc.fr\/index.php?rest_route=\/wp\/v2\/pages\/11607"}],"wp:attachment":[{"href":"https:\/\/trefavensc.fr\/index.php?rest_route=%2Fwp%2Fv2%2Fmedia&parent=11574"}],"curies":[{"name":"wp","href":"https:\/\/api.w.org\/{rel}","templated":true}]}}