{"id":11607,"date":"2016-01-04T19:29:07","date_gmt":"2016-01-04T18:29:07","guid":{"rendered":"http:\/\/collegekerentrech.fr\/?page_id=11607"},"modified":"2019-01-26T10:54:31","modified_gmt":"2019-01-26T09:54:31","slug":"construire-une-fusee","status":"publish","type":"page","link":"https:\/\/trefavensc.fr\/?page_id=11607","title":{"rendered":"Construction d&rsquo;une micro fus\u00e9e"},"content":{"rendered":"<ul>\n<li>\n<h2><span style=\"font-size: 14pt;\"><a href=\"http:\/\/collegekerentrech.fr\/?page_id=11572\" target=\"_blank\" rel=\"noopener\">Les crit\u00e8res pour une micro fus\u00e9e<\/a><\/span><\/h2>\n<\/li>\n<li>\n<h2><span style=\"font-size: 14pt;\"><a href=\"http:\/\/collegekerentrech.fr\/?page_id=11574\" target=\"_blank\" rel=\"noopener\">Stabilit\u00e9 pour une microfus\u00e9e\u00a0<\/a><\/span><\/h2>\n<\/li>\n<li>\n<h2><span style=\"font-size: 14pt;\"><a href=\"http:\/\/collegekerentrech.fr\/?page_id=11574\" target=\"_blank\" rel=\"noopener\">La fus\u00e9e Tintin en calcul<\/a><\/span><\/h2>\n<\/li>\n<\/ul>\n","protected":false},"excerpt":{"rendered":"<p>Les crit\u00e8res pour une micro fus\u00e9e Stabilit\u00e9 pour une microfus\u00e9e\u00a0 La fus\u00e9e Tintin en calcul<\/p>\n","protected":false},"author":2,"featured_media":0,"parent":16008,"menu_order":11,"comment_status":"closed","ping_status":"closed","template":"","meta":{"ngg_post_thumbnail":0},"_links":{"self":[{"href":"https:\/\/trefavensc.fr\/index.php?rest_route=\/wp\/v2\/pages\/11607"}],"collection":[{"href":"https:\/\/trefavensc.fr\/index.php?rest_route=\/wp\/v2\/pages"}],"about":[{"href":"https:\/\/trefavensc.fr\/index.php?rest_route=\/wp\/v2\/types\/page"}],"author":[{"embeddable":true,"href":"https:\/\/trefavensc.fr\/index.php?rest_route=\/wp\/v2\/users\/2"}],"replies":[{"embeddable":true,"href":"https:\/\/trefavensc.fr\/index.php?rest_route=%2Fwp%2Fv2%2Fcomments&post=11607"}],"version-history":[{"count":9,"href":"https:\/\/trefavensc.fr\/index.php?rest_route=\/wp\/v2\/pages\/11607\/revisions"}],"predecessor-version":[{"id":15440,"href":"https:\/\/trefavensc.fr\/index.php?rest_route=\/wp\/v2\/pages\/11607\/revisions\/15440"}],"up":[{"embeddable":true,"href":"https:\/\/trefavensc.fr\/index.php?rest_route=\/wp\/v2\/pages\/16008"}],"wp:attachment":[{"href":"https:\/\/trefavensc.fr\/index.php?rest_route=%2Fwp%2Fv2%2Fmedia&parent=11607"}],"curies":[{"name":"wp","href":"https:\/\/api.w.org\/{rel}","templated":true}]}}