{"id":11948,"date":"2016-02-06T09:46:53","date_gmt":"2016-02-06T08:46:53","guid":{"rendered":"http:\/\/collegekerentrech.fr\/?page_id=11948"},"modified":"2024-09-30T19:53:34","modified_gmt":"2024-09-30T17:53:34","slug":"5eme-physchim","status":"publish","type":"page","link":"https:\/\/trefavensc.fr\/?page_id=11948","title":{"rendered":"5\u00e8me-PhysChim"},"content":{"rendered":"<h2 style=\"text-align: left;\"><b><strong><em><span data-mce-mark=\"1\">Pour<a href=\"mailto:pierre.robin@ac-rennes.fr\">&nbsp;contacter l&rsquo;enseignant : PY Robin<\/a><\/span><\/em><\/strong><\/b><\/h2>\n<p>&nbsp;<\/p>\n<h2><a href=\"https:\/\/www.online-stopwatch.com\/french\/\" target=\"_blank\" rel=\"noopener noreferrer\"><strong><span style=\"text-decoration: underline;\">Lancez le chrono : <\/span><img decoding=\"async\" loading=\"lazy\" class=\" wp-image-16027\" src=\"https:\/\/trefavensc.fr\/wp-content\/uploads\/2019\/01\/chrono.gif\" alt=\"\" width=\"54\" height=\"57\"><\/strong><\/a><\/h2>\n\n\n<figure class=\"wp-block-table\">\n<table>\n<tbody>\n<tr>\n<td>\n<ul>\n<li>\n<h3><span style=\"color: #ff6600;\">Pour connaitre tous les tableaux des unit\u00e9s :<\/span><\/h3>\n<\/li>\n<\/ul>\n<\/td>\n<td><iframe loading=\"lazy\" title=\"YouTube video player\" src=\"https:\/\/www.youtube.com\/embed\/p3_D94OwyDM?si=ceOWb0Hkwf7izzl2&amp;start=13\" width=\"240\" height=\"134\" frameborder=\"0\" allowfullscreen=\"allowfullscreen\" data-mce-fragment=\"1\"><\/iframe><\/td>\n<\/tr>\n<tr>\n<td>\n<ul>\n<li>\n<h3><span style=\"color: #ff6600;\">Savoir utiliser un tableau des unit\u00e9s :<\/span><\/h3>\n<\/li>\n<\/ul>\n<\/td>\n<td><iframe loading=\"lazy\" title=\"YouTube video player\" src=\"https:\/\/www.youtube.com\/embed\/fprfNYgD7wc?si=O7w0St4GNn6370ci&amp;start=15&amp;end=99\" width=\"240\" height=\"134\" frameborder=\"0\" allowfullscreen=\"allowfullscreen\" data-mce-fragment=\"1\"><\/iframe><\/td>\n<\/tr>\n<\/tbody>\n<\/table>\n<\/figure>\n\n\n<p>&nbsp;<\/p>\n<table style=\"height: 677px; width: 100%;\" width=\"672\">\n<tbody>\n<tr style=\"height: 236px;\">\n<td style=\"width: 209.717px; height: 236px;\">&nbsp;<\/td>\n<td style=\"width: 188.417px; height: 236px;\">\n<h3 style=\"text-align: center;\"><a href=\"http:\/\/trefavensc.fr\/00-physique-chimie\/5eme\/theme1-electricite-chez-moi\/index.html\" target=\"_blank\" rel=\"noopener noreferrer\">Th\u00e8me 1 : L&rsquo;\u00e9lectricit\u00e9 chez moi?<\/a><a style=\"color: #9538c5; outline: 0px; text-align: center;\" href=\"http:\/\/trefavensc.fr\/00-physique-chimie\/5eme\/theme1-electricite-chez-moi\/index.html\" target=\"_blank\" rel=\"noopener noreferrer\"><img decoding=\"async\" loading=\"lazy\" class=\"aligncenter size-full wp-image-14913\" src=\"https:\/\/trefavensc.fr\/wp-content\/uploads\/2016\/02\/fil-maison.jpg\" alt=\"\" width=\"180\" height=\"118\"><\/a><\/h3>\n<\/td>\n<td style=\"width: 160.1px; height: 236px;\">&nbsp;<\/td>\n<\/tr>\n<tr style=\"height: 441px;\">\n<td style=\"width: 209.717px; height: 441px;\">\n<h3 style=\"text-align: center;\" data-wp-editing=\"1\"><a href=\"http:\/\/trefavensc.fr\/00-physique-chimie\/5eme\/theme2-Cinema-lumiere-et-mouvement\/index.html\" target=\"_blank\" rel=\"noopener noreferrer\">Th\u00e8me 2 : Cin\u00e9ma &#8211; lumi\u00e8re et mouvement<\/a><a href=\"http:\/\/trefavensc.fr\/00-physique-chimie\/5eme\/theme2-Cinema-lumiere-et-mouvement\/index.html\" target=\"_blank\" rel=\"noopener noreferrer\"><img decoding=\"async\" loading=\"lazy\" class=\"aligncenter wp-image-15454\" src=\"http:\/\/collegekerentrech.fr\/wp-content\/uploads\/2018\/05\/lumiere-cinema.jpg\" alt=\"\" width=\"277\" height=\"208\" srcset=\"https:\/\/trefavensc.fr\/wp-content\/uploads\/2018\/05\/lumiere-cinema.jpg 400w, https:\/\/trefavensc.fr\/wp-content\/uploads\/2018\/05\/lumiere-cinema-300x225.jpg 300w\" sizes=\"(max-width: 277px) 100vw, 277px\" \/><\/a><\/h3>\n<\/td>\n<td style=\"width: 188.417px; height: 441px;\">\n<p style=\"text-align: center;\">&nbsp;<\/p>\n<\/td>\n<td style=\"width: 160.1px; height: 441px;\">\n<h3 style=\"text-align: center;\"><a href=\"http:\/\/trefavensc.fr\/00-physique-chimie\/5eme\/theme3-Cuisiner-une-histoire-de-Sciences\/index.html\" target=\"_blank\" rel=\"noopener noreferrer\">Th\u00e8me 3 :<br>Cuisiner : une histoire de&nbsp; sciences?<\/a><\/h3>\n<h3 style=\"text-align: center;\" data-wp-editing=\"1\"><a href=\"http:\/\/trefavensc.fr\/00-physique-chimie\/5eme\/theme3-Cuisiner-une-histoire-de-Sciences\/index.html\" target=\"_blank\" rel=\"noopener noreferrer\"><img decoding=\"async\" loading=\"lazy\" class=\"aligncenter size-full wp-image-15122\" src=\"https:\/\/trefavensc.fr\/wp-content\/uploads\/2017\/12\/cuisiner.jpg\" alt=\"\" width=\"200\" height=\"132\"><\/a><\/h3>\n<\/td>\n<\/tr>\n<\/tbody>\n<\/table>\n<h1><a href=\"https:\/\/www.lumni.fr\/college\/cinquieme\/physique-chimie\" target=\"_blank\" rel=\"noopener noreferrer\">Pour acc\u00e9der \u00e0 la chaine Lumni :<\/a><\/h1>\n<p><a href=\"https:\/\/www.lumni.fr\/college\/cinquieme\/physique-chimie\" target=\"_blank\" rel=\"noopener noreferrer\"><img decoding=\"async\" loading=\"lazy\" class=\"aligncenter wp-image-18093\" src=\"http:\/\/collegekerentrech.fr\/wp-content\/uploads\/2020\/08\/Lien_lumni.jpg\" alt=\"\" width=\"501\" height=\"160\" srcset=\"https:\/\/trefavensc.fr\/wp-content\/uploads\/2020\/08\/Lien_lumni.jpg 700w, https:\/\/trefavensc.fr\/wp-content\/uploads\/2020\/08\/Lien_lumni-300x96.jpg 300w, https:\/\/trefavensc.fr\/wp-content\/uploads\/2020\/08\/Lien_lumni-500x160.jpg 500w\" sizes=\"(max-width: 501px) 100vw, 501px\" \/><\/a><\/p>\n<hr>\n<h1 style=\"text-align: center;\"><a title=\"Aller au programme de 6\u00e8me\" href=\"https:\/\/trefavensc.fr\/?page_id=12551\" target=\"_blank\" rel=\"noopener noreferrer\"><strong><span data-mce-mark=\"1\">6\u00e8me<\/span><\/strong><\/a><strong><span data-mce-mark=\"1\">&nbsp;\/\/&nbsp;<\/span><\/strong><a href=\"http:\/\/trefavensc.fr\/?page_id=11948\" target=\"_blank\" rel=\"noopener noreferrer\"><span data-mce-mark=\"1\"><strong>5\u00e8me<\/strong><\/span><\/a><strong>&nbsp;<span data-mce-mark=\"1\">\/\/<\/span>&nbsp;<a title=\"Aller au programme de 4\u00e8me\" href=\"http:\/\/trefavensc.fr\/?page_id=11952\" target=\"_blank\" rel=\"noopener noreferrer\">4\u00e8me<\/a>&nbsp;<span data-mce-mark=\"1\">\/\/<\/span>&nbsp;<span data-mce-mark=\"1\"><a title=\"Aller au programme de 3\u00e8me\" href=\"http:\/\/trefavensc.fr\/?page_id=11954\" target=\"_blank\" rel=\"noopener noreferrer\">3\u00e8me<\/a><\/span><\/strong><\/h1>\n<p>&nbsp;<\/p>\n<p>&nbsp;<\/p>","protected":false},"excerpt":{"rendered":"<p>Pour&nbsp;contacter l&rsquo;enseignant : PY Robin &nbsp; Lancez le chrono : Pour connaitre tous les tableaux des unit\u00e9s : Savoir utiliser un tableau des unit\u00e9s : &nbsp; &nbsp; Th\u00e8me 1 : L&rsquo;\u00e9lectricit\u00e9 chez moi? &nbsp; Th\u00e8me 2 : Cin\u00e9ma &#8211; lumi\u00e8re et mouvement &nbsp; Th\u00e8me 3 :Cuisiner : une histoire de&nbsp; sciences? Pour acc\u00e9der \u00e0 la &hellip; <\/p>\n<p><a class=\"more-link btn\" href=\"https:\/\/trefavensc.fr\/?page_id=11948\">Lire la suite<\/a><\/p>\n","protected":false},"author":2,"featured_media":0,"parent":11652,"menu_order":5,"comment_status":"closed","ping_status":"closed","template":"","meta":{"ngg_post_thumbnail":0},"_links":{"self":[{"href":"https:\/\/trefavensc.fr\/index.php?rest_route=\/wp\/v2\/pages\/11948"}],"collection":[{"href":"https:\/\/trefavensc.fr\/index.php?rest_route=\/wp\/v2\/pages"}],"about":[{"href":"https:\/\/trefavensc.fr\/index.php?rest_route=\/wp\/v2\/types\/page"}],"author":[{"embeddable":true,"href":"https:\/\/trefavensc.fr\/index.php?rest_route=\/wp\/v2\/users\/2"}],"replies":[{"embeddable":true,"href":"https:\/\/trefavensc.fr\/index.php?rest_route=%2Fwp%2Fv2%2Fcomments&post=11948"}],"version-history":[{"count":55,"href":"https:\/\/trefavensc.fr\/index.php?rest_route=\/wp\/v2\/pages\/11948\/revisions"}],"predecessor-version":[{"id":19277,"href":"https:\/\/trefavensc.fr\/index.php?rest_route=\/wp\/v2\/pages\/11948\/revisions\/19277"}],"up":[{"embeddable":true,"href":"https:\/\/trefavensc.fr\/index.php?rest_route=\/wp\/v2\/pages\/11652"}],"wp:attachment":[{"href":"https:\/\/trefavensc.fr\/index.php?rest_route=%2Fwp%2Fv2%2Fmedia&parent=11948"}],"curies":[{"name":"wp","href":"https:\/\/api.w.org\/{rel}","templated":true}]}}