{"id":11952,"date":"2016-02-06T09:50:18","date_gmt":"2016-02-06T08:50:18","guid":{"rendered":"http:\/\/collegekerentrech.fr\/?page_id=11952"},"modified":"2024-09-30T19:52:03","modified_gmt":"2024-09-30T17:52:03","slug":"4eme-physchim","status":"publish","type":"page","link":"https:\/\/trefavensc.fr\/?page_id=11952","title":{"rendered":"4\u00e8me-PhysChim"},"content":{"rendered":"<h2 style=\"text-align: left;\"><b><strong><em><span data-mce-mark=\"1\">Pour<a href=\"mailto:pierre.robin@ac-rennes.fr\">&nbsp;contacter l&rsquo;enseignant : PY Robin<\/a><\/span><\/em><\/strong><\/b><\/h2>\n\n\n<figure class=\"wp-block-table\">\n<table>\n<tbody>\n<tr>\n<td>\n<ul>\n<li>\n<h3><span style=\"color: #ff6600;\">Pour connaitre tous les tableaux des unit\u00e9s :<\/span><\/h3>\n<\/li>\n<\/ul>\n<\/td>\n<td><iframe loading=\"lazy\" title=\"YouTube video player\" src=\"https:\/\/www.youtube.com\/embed\/p3_D94OwyDM?si=ceOWb0Hkwf7izzl2&amp;start=13\" width=\"240\" height=\"134\" frameborder=\"0\" allowfullscreen=\"allowfullscreen\" data-mce-fragment=\"1\"><\/iframe><\/td>\n<\/tr>\n<tr>\n<td>\n<ul>\n<li>\n<h3><span style=\"color: #ff6600;\">Savoir utiliser un tableau des unit\u00e9s :<\/span><\/h3>\n<\/li>\n<\/ul>\n<\/td>\n<td><iframe loading=\"lazy\" title=\"YouTube video player\" src=\"https:\/\/www.youtube.com\/embed\/fprfNYgD7wc?si=O7w0St4GNn6370ci&amp;start=15&amp;end=99\" width=\"240\" height=\"134\" frameborder=\"0\" allowfullscreen=\"allowfullscreen\" data-mce-fragment=\"1\"><\/iframe><\/td>\n<\/tr>\n<\/tbody>\n<\/table>\n<\/figure>\n\n\n<table style=\"width: 100%; height: 98px;\">\n<tbody>\n<tr style=\"height: 98px;\">\n<td style=\"width: 50.9333%; height: 98px;\">\n<ul>\n<li>\n<h3><span style=\"color: #ff6600;\">M\u00e9thode pour modifier une relation (4\u00e8me et 3\u00e8me) :<\/span><\/h3>\n<\/li>\n<\/ul>\n<\/td>\n<td style=\"width: 26.6667%; height: 98px;\"><iframe loading=\"lazy\" title=\"YouTube video player\" src=\"https:\/\/www.youtube.com\/embed\/DKrnx2h30kE?si=Qm-DjnSp_LKNeg0V&amp;start=4&amp;end=174\" width=\"240\" height=\"134\" frameborder=\"0\" allowfullscreen=\"allowfullscreen\" data-mce-fragment=\"1\"><\/iframe><\/td>\n<td style=\"width: 22.4%; height: 98px;\"><iframe loading=\"lazy\" title=\"YouTube video player\" src=\"https:\/\/www.youtube.com\/embed\/rusdqYFAGk8?si=96FMPXHgNYlxUtJs&amp;start=1&amp;end=302\" width=\"240\" height=\"134\" frameborder=\"0\" allowfullscreen=\"allowfullscreen\" data-mce-fragment=\"1\"><\/iframe><\/td>\n<\/tr>\n<\/tbody>\n<\/table>\n<table style=\"width: 100%; height: 709px;\">\n<tbody>\n<tr style=\"height: 341px;\">\n<td style=\"width: 32.2875%; height: 341px;\">&nbsp;<\/td>\n<td style=\"width: 40.5229%; height: 341px;\">\n<h2 style=\"text-align: center;\"><a href=\"http:\/\/trefavensc.fr\/00-physique-chimie\/4eme\/theme1-trefaven-transports_-aujourdhui-transports-demain\/index.html\" target=\"_blank\" rel=\"noopener noreferrer\">Th\u00e8me 1 :<br>Les transports d&rsquo;aujourd&rsquo;hui et les transports de demain<\/a><\/h2>\n<p style=\"text-align: center;\"><a href=\"http:\/\/trefavensc.fr\/00-physique-chimie\/4eme\/theme1-trefaven-transports_-aujourdhui-transports-demain\/index.html\" target=\"_blank\" rel=\"noopener\"><img decoding=\"async\" loading=\"lazy\" class=\"aligncenter wp-image-18806\" src=\"http:\/\/collegekerentrech.fr\/wp-content\/uploads\/2022\/08\/transports-modernes.jpg\" alt=\"moyen moderne\" width=\"206\" height=\"138\" srcset=\"https:\/\/trefavensc.fr\/wp-content\/uploads\/2022\/08\/transports-modernes.jpg 960w, https:\/\/trefavensc.fr\/wp-content\/uploads\/2022\/08\/transports-modernes-300x200.jpg 300w, https:\/\/trefavensc.fr\/wp-content\/uploads\/2022\/08\/transports-modernes-768x512.jpg 768w, https:\/\/trefavensc.fr\/wp-content\/uploads\/2022\/08\/transports-modernes-450x300.jpg 450w\" sizes=\"(max-width: 206px) 100vw, 206px\" \/><\/a>Source : pixabay \/ image libre de droit<\/p>\n<\/td>\n<td style=\"width: 27.1896%; height: 341px;\">&nbsp;<\/td>\n<\/tr>\n<tr style=\"height: 368px;\">\n<td style=\"width: 32.2875%; height: 368px;\">\n<h2 style=\"text-align: center;\"><a href=\"http:\/\/trefavensc.fr\/00-physique-chimie\/4eme\/theme2-trefaven-a-la-conquete-de-mars\/index.html\" target=\"_blank\" rel=\"noopener noreferrer\">Th\u00e8me 2 :<br>A la conqu\u00eate de Mars<\/a><\/h2>\n<p><a href=\"http:\/\/trefavensc.fr\/00-physique-chimie\/4eme\/theme2-trefaven-a-la-conquete-de-mars\/index.html\" target=\"_blank\" rel=\"noopener\"><img decoding=\"async\" loading=\"lazy\" class=\"aligncenter wp-image-18915 size-medium\" src=\"https:\/\/trefavensc.fr\/wp-content\/uploads\/2022\/10\/Mars-300x212.jpg\" alt=\"\" width=\"300\" height=\"212\" srcset=\"https:\/\/trefavensc.fr\/wp-content\/uploads\/2022\/10\/Mars-300x212.jpg 300w, https:\/\/trefavensc.fr\/wp-content\/uploads\/2022\/10\/Mars.jpg 358w\" sizes=\"(max-width: 300px) 100vw, 300px\" \/><\/a><\/p>\n<p>Source : pixabay \/ image libre de droit<\/p>\n<\/td>\n<td style=\"width: 40.5229%; height: 368px;\">&nbsp;<\/td>\n<td style=\"width: 27.1896%; height: 368px;\">\n<h2 style=\"text-align: center;\"><a href=\"http:\/\/trefavensc.fr\/00-physique-chimie\/4eme\/theme3-ecouteur-bluetooth\/index.html\" target=\"_blank\" rel=\"noopener noreferrer\">Th\u00e8me 3 : L&rsquo;\u00e9couteur bluetooth<\/a><\/h2>\n<p><a href=\"https:\/\/trefavensc.fr\/00-physique-chimie\/4eme\/theme3-ecouteur-bluetooth\/index.html\" target=\"_blank\" rel=\"noopener\"><img decoding=\"async\" loading=\"lazy\" class=\"aligncenter wp-image-19104 size-medium\" src=\"https:\/\/trefavensc.fr\/wp-content\/uploads\/2023\/06\/ecouteur-bluetooth-288x300.jpg\" alt=\"\" width=\"288\" height=\"300\" srcset=\"https:\/\/trefavensc.fr\/wp-content\/uploads\/2023\/06\/ecouteur-bluetooth-288x300.jpg 288w, https:\/\/trefavensc.fr\/wp-content\/uploads\/2023\/06\/ecouteur-bluetooth-768x800.jpg 768w, https:\/\/trefavensc.fr\/wp-content\/uploads\/2023\/06\/ecouteur-bluetooth-750x782.jpg 750w, https:\/\/trefavensc.fr\/wp-content\/uploads\/2023\/06\/ecouteur-bluetooth.jpg 780w\" sizes=\"(max-width: 288px) 100vw, 288px\" \/><\/a><\/p>\n<p>&nbsp;<\/p>\n<h2 style=\"text-align: center;\" data-wp-editing=\"1\">&nbsp;<\/h2>\n<\/td>\n<\/tr>\n<\/tbody>\n<\/table>\n<h1><a href=\"https:\/\/www.lumni.fr\/college\/quatrieme\/physique-chimie\" target=\"_blank\" rel=\"noopener noreferrer\">Pour acc\u00e9der \u00e0 la chaine Lumni :<\/a><\/h1>\n<p><a href=\"https:\/\/www.lumni.fr\/quatrieme\/physiquechimie\"><img decoding=\"async\" loading=\"lazy\" class=\"aligncenter wp-image-18093 size-medium\" src=\"https:\/\/trefavensc.fr\/wp-content\/uploads\/2020\/08\/Lien_lumni-300x96.jpg\" alt=\"\" width=\"300\" height=\"96\" srcset=\"https:\/\/trefavensc.fr\/wp-content\/uploads\/2020\/08\/Lien_lumni-300x96.jpg 300w, https:\/\/trefavensc.fr\/wp-content\/uploads\/2020\/08\/Lien_lumni-500x160.jpg 500w, https:\/\/trefavensc.fr\/wp-content\/uploads\/2020\/08\/Lien_lumni.jpg 700w\" sizes=\"(max-width: 300px) 100vw, 300px\" \/><\/a><\/p>\n<hr>\n<h1 style=\"text-align: center;\"><a title=\"Aller au programme de 6\u00e8me\" href=\"https:\/\/trefavensc.fr\/?page_id=12551\" target=\"_blank\" rel=\"noopener noreferrer\"><strong><span data-mce-mark=\"1\">6\u00e8me<\/span><\/strong><\/a><strong><span data-mce-mark=\"1\">&nbsp;\/\/&nbsp;<\/span><\/strong><a href=\"https:\/\/trefavensc.fr\/?page_id=11948\" target=\"_blank\" rel=\"noopener noreferrer\"><span data-mce-mark=\"1\"><strong>5\u00e8me<\/strong><\/span><\/a><strong>&nbsp;<span data-mce-mark=\"1\">\/\/<\/span>&nbsp;<a title=\"Aller au programme de 4\u00e8me\" href=\"https:\/\/trefavensc.fr\/?page_id=11952\" target=\"_blank\" rel=\"noopener noreferrer\">4\u00e8me<\/a>&nbsp;<span data-mce-mark=\"1\">\/\/<\/span>&nbsp;<span data-mce-mark=\"1\"><a title=\"Aller au programme de 3\u00e8me\" href=\"https:\/\/trefavensc.fr\/?page_id=11954\" target=\"_blank\" rel=\"noopener noreferrer\">3\u00e8me<\/a><\/span><\/strong><\/h1>\n<p>&nbsp;<\/p>","protected":false},"excerpt":{"rendered":"<p>Pour&nbsp;contacter l&rsquo;enseignant : PY Robin Pour connaitre tous les tableaux des unit\u00e9s : Savoir utiliser un tableau des unit\u00e9s : M\u00e9thode pour modifier une relation (4\u00e8me et 3\u00e8me) : &nbsp; Th\u00e8me 1 :Les transports d&rsquo;aujourd&rsquo;hui et les transports de demain Source : pixabay \/ image libre de droit &nbsp; Th\u00e8me 2 :A la conqu\u00eate de &hellip; <\/p>\n<p><a class=\"more-link btn\" href=\"https:\/\/trefavensc.fr\/?page_id=11952\">Lire la suite<\/a><\/p>\n","protected":false},"author":2,"featured_media":0,"parent":11652,"menu_order":3,"comment_status":"closed","ping_status":"closed","template":"","meta":{"ngg_post_thumbnail":0},"_links":{"self":[{"href":"https:\/\/trefavensc.fr\/index.php?rest_route=\/wp\/v2\/pages\/11952"}],"collection":[{"href":"https:\/\/trefavensc.fr\/index.php?rest_route=\/wp\/v2\/pages"}],"about":[{"href":"https:\/\/trefavensc.fr\/index.php?rest_route=\/wp\/v2\/types\/page"}],"author":[{"embeddable":true,"href":"https:\/\/trefavensc.fr\/index.php?rest_route=\/wp\/v2\/users\/2"}],"replies":[{"embeddable":true,"href":"https:\/\/trefavensc.fr\/index.php?rest_route=%2Fwp%2Fv2%2Fcomments&post=11952"}],"version-history":[{"count":79,"href":"https:\/\/trefavensc.fr\/index.php?rest_route=\/wp\/v2\/pages\/11952\/revisions"}],"predecessor-version":[{"id":19275,"href":"https:\/\/trefavensc.fr\/index.php?rest_route=\/wp\/v2\/pages\/11952\/revisions\/19275"}],"up":[{"embeddable":true,"href":"https:\/\/trefavensc.fr\/index.php?rest_route=\/wp\/v2\/pages\/11652"}],"wp:attachment":[{"href":"https:\/\/trefavensc.fr\/index.php?rest_route=%2Fwp%2Fv2%2Fmedia&parent=11952"}],"curies":[{"name":"wp","href":"https:\/\/api.w.org\/{rel}","templated":true}]}}