{"id":11954,"date":"2016-02-06T09:52:15","date_gmt":"2016-02-06T08:52:15","guid":{"rendered":"http:\/\/collegekerentrech.fr\/?page_id=11954"},"modified":"2025-06-04T09:45:22","modified_gmt":"2025-06-04T07:45:22","slug":"3eme-physchim","status":"publish","type":"page","link":"https:\/\/trefavensc.fr\/?page_id=11954","title":{"rendered":"3\u00e8me-PhysChim"},"content":{"rendered":"\n<h4>Pour<a href=\"mailto:pierre.robin@ac-rennes.fr\"> contacter l&rsquo;enseignant : PY Robin.<\/a><\/h4>\n\n\n\n<h1><a href=\"https:\/\/trefavensc.fr\/wp-content\/uploads\/2025\/03\/Fiche_Formules_PHYSIQUE_DNB_3.pdf\" data-type=\"URL\" data-id=\"https:\/\/trefavensc.fr\/wp-content\/uploads\/2025\/03\/Fiche_Formules_PHYSIQUE_DNB_3.pdf\">&#8211; Les formules (relations : \u00e9quations) \u00e0 connaitre pour le DNB<\/a><\/h1>\n\n\n\n<h1><a rel=\"noopener\" href=\"https:\/\/learningapps.org\/display?v=p28w0e4fc24\" target=\"_blank\">Pour s&rsquo;entrainer au DNB en Chimie.<\/a><\/h1>\n\n\n\n<h1><a href=\"https:\/\/learningapps.org\/display?v=pg1zbzh9524\" target=\"_blank\" rel=\"noopener\">&#8211; Pour s&rsquo;entrainer au DNB en Physique.<\/a><\/h1>\n\n\n\n<h3><a href=\"https:\/\/view.genially.com\/61ccdfd4de049e0ddb6c59b0\/interactive-content-annales-dnb-pc\" target=\"_blank\" rel=\"noopener\">&#8211; Un parcours de r\u00e9visions avec diff\u00e9rents sujets de DNB.<\/a><\/h3>\n\n\n\n<h3><a href=\"https:\/\/padlet.com\/emilieevanno1\/r-visions-dnb-u8wegadmcp5hm9wa\" target=\"_blank\" rel=\"noopener\">&#8211; Un padlet (E.Evanno) pour des r\u00e9visions DNB.<\/a><\/h3>\n\n\n\n<h3><img decoding=\"async\" loading=\"lazy\" class=\"wp-image-18083 alignleft\" src=\"https:\/\/trefavensc.fr\/wp-content\/uploads\/2020\/07\/aide.gif\" alt=\"\" width=\"41\" height=\"55\"><a href=\"http:\/\/collegekerentrech.fr\/?p=15356\" target=\"_blank\" rel=\"noopener noreferrer\"> &nbsp; DNB, les sujets des ann\u00e9es pr\u00e9c\u00e9dentes !<\/a><\/h3>\n\n\n\n<p class=\"has-text-align-center\">&nbsp;<\/p>\n\n\n\n<figure class=\"wp-block-table\">\n<table style=\"width: 100%; height: 312px;\">\n<tbody>\n<tr style=\"height: 156px;\">\n<td style=\"height: 156px;\">\n<ul>\n<li>\n<h3><span style=\"color: #ff6600;\">Pour connaitre tous les tableaux des unit\u00e9s :<\/span><\/h3>\n<\/li>\n<\/ul>\n<\/td>\n<td style=\"height: 156px;\"><iframe loading=\"lazy\" title=\"YouTube video player\" src=\"https:\/\/www.youtube.com\/embed\/p3_D94OwyDM?si=ceOWb0Hkwf7izzl2&amp;start=13\" width=\"240\" height=\"134\" frameborder=\"0\" allowfullscreen=\"allowfullscreen\" data-mce-fragment=\"1\"><\/iframe><\/td>\n<\/tr>\n<tr style=\"height: 156px;\">\n<td style=\"height: 156px;\">\n<ul>\n<li>\n<h3><span style=\"color: #ff6600;\">Savoir utiliser un tableau des unit\u00e9s :<\/span><\/h3>\n<\/li>\n<\/ul>\n<\/td>\n<td style=\"height: 156px;\"><iframe loading=\"lazy\" title=\"YouTube video player\" src=\"https:\/\/www.youtube.com\/embed\/fprfNYgD7wc?si=O7w0St4GNn6370ci&amp;start=15&amp;end=99\" width=\"240\" height=\"134\" frameborder=\"0\" allowfullscreen=\"allowfullscreen\" data-mce-fragment=\"1\"><\/iframe><\/td>\n<\/tr>\n<\/tbody>\n<\/table>\n<\/figure>\n\n\n\n<table style=\"width: 100%; height: 179px;\">\n<tbody>\n<tr style=\"height: 179px;\">\n<td style=\"height: 179px; width: 48.4%;\">\n<ul>\n<li>\n<h3>M\u00e9thodes pour modifier une&nbsp; relation (4\u00e8me et 3\u00e8me) : v=d\/t<\/h3>\n<\/li>\n<\/ul>\n<\/td>\n<td style=\"height: 179px; width: 26.2667%;\"><iframe loading=\"lazy\" title=\"YouTube video player\" src=\"https:\/\/www.youtube.com\/embed\/DKrnx2h30kE?si=Qm-DjnSp_LKNeg0V&amp;start=36&amp;end=60\" width=\"240\" height=\"134\" frameborder=\"0\" allowfullscreen=\"allowfullscreen\" data-mce-fragment=\"1\"><\/iframe> M\u00e9thode triangle :<\/td>\n<td style=\"height: 179px; width: 25.2%;\"><iframe loading=\"lazy\" title=\"YouTube video player\" src=\"https:\/\/www.youtube.com\/embed\/DKrnx2h30kE?si=Qm-DjnSp_LKNeg0V&amp;start=61&amp;end=102\" width=\"240\" height=\"134\" frameborder=\"0\" allowfullscreen=\"allowfullscreen\" data-mce-fragment=\"1\"><\/iframe>M\u00e9thode math :<\/td>\n<\/tr>\n<\/tbody>\n<\/table>\n\n\n\n<figure class=\"wp-block-table\">\n<table style=\"width: 100%;\">\n<tbody>\n<tr>\n<td style=\"width: 49.2%;\">\n<ul>\n<li>\n<h3><span style=\"color: #ff6600;\">M\u00e9thodes pour modifier une&nbsp; relation ( 3\u00e8me) : p=mxg<br><\/span><\/h3>\n<\/li>\n<\/ul>\n<\/td>\n<td style=\"width: 26.6667%;\" title=\"YouTube video player\" width=\"200\" height=\"150\">\n<p>M\u00e9thode triangle :<\/p>\n<p><iframe loading=\"lazy\" title=\"YouTube video player\" src=\"https:\/\/www.youtube.com\/embed\/Z-kTxE32UxI?si=U7shkVMOB7pvvrFP&amp;start=16&amp;end=76\" width=\"280\" height=\"158\" frameborder=\"0\" allowfullscreen=\"allowfullscreen\"><\/iframe><\/p>\n<p>&nbsp;<\/p>\n<\/td>\n<td style=\"width: 24.1334%;\">\n<p>M\u00e9thode math :<\/p>\n<p><iframe loading=\"lazy\" title=\"YouTube video player\" src=\"https:\/\/www.youtube.com\/embed\/s2Nl1p1OcK4?si=IWI5NaT8XRC2I1vL&amp;start=83&amp;end=181\" width=\"280\" height=\"158\" frameborder=\"0\" allowfullscreen=\"allowfullscreen\"><\/iframe><\/p>\n<\/td>\n<\/tr>\n<\/tbody>\n<\/table>\n<\/figure>\n\n\n\n<figure class=\"wp-block-table\">\n<table style=\"width: 100%; height: 156px;\">\n<tbody>\n<tr style=\"height: 156px;\">\n<td style=\"height: 156px;\">\n<ul>\n<li>\n<h3><span style=\"color: #ff6600;\">Explication&nbsp; pour savoir utiliser la notation scientifique :<\/span><\/h3>\n<\/li>\n<\/ul>\n<\/td>\n<td style=\"height: 156px;\"><iframe loading=\"lazy\" title=\"YouTube video player\" src=\"https:\/\/www.youtube.com\/embed\/dVYxFkGamCY?si=o60ufkXx922bvain&amp;start=38&amp;end=213\" width=\"240\" height=\"134\" frameborder=\"0\" allowfullscreen=\"allowfullscreen\"><\/iframe><\/td>\n<\/tr>\n<\/tbody>\n<\/table>\n<\/figure>\n\n\n\n<figure class=\"wp-block-table\"><table><tbody><tr><td>\n<ul>\n<li>\n<h3><span style=\"color: #ff6600;\">M\u00e9thode pour transformer des km\/h en m\/s :<br><\/span><\/h3>\n<\/li>\n<\/ul>\n<\/td><td><iframe loading=\"lazy\" title=\"YouTube video player\" src=\"https:\/\/www.youtube.com\/embed\/bql7AqV0K8s?si=VFIx_KRZ3_ZgoNBl&amp;start=21&amp;end=82\" width=\"240\" height=\"134\" frameborder=\"0\" allowfullscreen=\"allowfullscreen\"><\/iframe><\/td><\/tr><\/tbody><\/table><\/figure>\n\n\n\n<figure class=\"wp-block-table\"><table><tbody><tr><td>&nbsp;<\/td><td>\n<h3 style=\"text-align: center;\"><a href=\"http:\/\/trefavensc.fr\/00-physique-chimie\/3eme\/theme1-comprendre-le-ciel\/index.html\" target=\"_blank\" rel=\"noopener noreferrer\">Th\u00e8me 1 : Comprendre le ciel<\/a><a href=\"http:\/\/trefavensc.fr\/00-physique-chimie\/3eme\/theme1-comprendre-le-ciel\/index.html\" target=\"_blank\" rel=\"noopener noreferrer\"><img decoding=\"async\" loading=\"lazy\" class=\"aligncenter wp-image-12543\" src=\"http:\/\/collegekerentrech.fr\/wp-content\/uploads\/2016\/02\/etoiles.jpg\" alt=\"etoiles\" width=\"200\" height=\"200\" srcset=\"https:\/\/trefavensc.fr\/wp-content\/uploads\/2016\/02\/etoiles.jpg 400w, https:\/\/trefavensc.fr\/wp-content\/uploads\/2016\/02\/etoiles-150x150.jpg 150w, https:\/\/trefavensc.fr\/wp-content\/uploads\/2016\/02\/etoiles-300x300.jpg 300w, https:\/\/trefavensc.fr\/wp-content\/uploads\/2016\/02\/etoiles-144x144.jpg 144w\" sizes=\"(max-width: 200px) 100vw, 200px\" \/><\/a><\/h3>\n<\/td><td>&nbsp;<\/td><\/tr><tr><td> <h3 style=\"text-align: center;\"><a rel=\"noopener noreferrer\" href=\"http:\/\/trefavensc.fr\/00-physique-chimie\/3eme\/theme2-Prendre_soin_de_la_plante_Terre\/index.html\" target=\"_blank\">Th\u00e8me 2 : Prendre soin de la plan\u00e8te Terre !<\/a><\/h3> <h3 style=\"text-align: center;\" data-wp-editing=\"1\"><a rel=\"noopener noreferrer\" href=\"http:\/\/trefavensc.fr\/00-physique-chimie\/3eme\/theme2-Prendre_soin_de_la_plante_Terre\/index.html\" target=\"_blank\"><img decoding=\"async\" loading=\"lazy\" width=\"236\" height=\"200\" class=\"aligncenter size-full wp-image-13155\" src=\"https:\/\/trefavensc.fr\/wp-content\/uploads\/2016\/02\/Terre-demain200x200.jpg\" alt=\"\"><\/a><\/h3> <\/td><td>&nbsp;<\/td><td>     <\/td><\/tr><\/tbody><\/table><\/figure>\n\n\n\n<h1><a href=\"https:\/\/www.lumni.fr\/college\/troisieme\/physique-chimie\" target=\"_blank\" rel=\"noopener noreferrer\">Pour acc\u00e9der \u00e0 la chaine Lumni :<\/a><\/h1>\n\n\n<div class=\"wp-block-image\">\n<figure class=\"aligncenter\"><img decoding=\"async\" loading=\"lazy\" width=\"300\" height=\"96\" src=\"https:\/\/trefavensc.fr\/wp-content\/uploads\/2020\/08\/Lien_lumni-300x96.jpg\" alt=\"\" class=\"wp-image-18093\" srcset=\"https:\/\/trefavensc.fr\/wp-content\/uploads\/2020\/08\/Lien_lumni-300x96.jpg 300w, https:\/\/trefavensc.fr\/wp-content\/uploads\/2020\/08\/Lien_lumni-500x160.jpg 500w, https:\/\/trefavensc.fr\/wp-content\/uploads\/2020\/08\/Lien_lumni.jpg 700w\" sizes=\"(max-width: 300px) 100vw, 300px\" \/><\/figure><\/div>\n\n\n<p><a href=\"http:\/\/trefavensc.fr\/00-physique-chimie\/3eme\/theme1-comprendre-le-ciel\/index.html\" target=\"_blank\" rel=\"noopener\">h<\/a><\/p>\n\n\n\n<h3>&nbsp;<\/h3>\n\n\n\n<h3>&nbsp;\ud83d\ude42 <a href=\"http:\/\/collegekerentrech.fr\/?page_id=15351\" target=\"_blank\" rel=\"noopener noreferrer\">Le sondage pour le DNB :<\/a><\/h3>\n\n\n\n<hr class=\"wp-block-separator has-alpha-channel-opacity\"\/>\n\n\n\n<h1><a title=\"Aller au programme de 6\u00e8me\" href=\"http:\/\/trefavensc.fr\/?page_id=12551\" target=\"_blank\" rel=\"noopener noreferrer\"><strong><span data-mce-mark=\"1\">6\u00e8me<\/span><\/strong><\/a><strong><span data-mce-mark=\"1\">&nbsp;\/\/&nbsp;<\/span><\/strong><a href=\"http:\/\/trefavensc.fr\/?page_id=11948\" target=\"_blank\" rel=\"noopener noreferrer\"><span data-mce-mark=\"1\"><strong>5\u00e8me<\/strong><\/span><\/a><strong>&nbsp;<span data-mce-mark=\"1\">\/\/<\/span>&nbsp;<a title=\"Aller au programme de 4\u00e8me\" href=\"http:\/\/trefavensc.fr\/?page_id=11952\" target=\"_blank\" rel=\"noopener noreferrer\">4\u00e8me<\/a>&nbsp;<span data-mce-mark=\"1\">\/\/<\/span>&nbsp;<span data-mce-mark=\"1\"><a title=\"Aller au programme de 3\u00e8me\" href=\"http:\/\/trefavensc.fr\/?page_id=11954\" target=\"_blank\" rel=\"noopener noreferrer\">3\u00e8me<\/a><\/span><\/strong><\/h1>\n","protected":false},"excerpt":{"rendered":"<p>Pour contacter l&rsquo;enseignant : PY Robin. &#8211; Les formules (relations : \u00e9quations) \u00e0 connaitre pour le DNB Pour s&rsquo;entrainer au DNB en Chimie. &#8211; Pour s&rsquo;entrainer au DNB en Physique. &#8211; Un parcours de r\u00e9visions avec diff\u00e9rents sujets de DNB. &#8211; Un padlet (E.Evanno) pour des r\u00e9visions DNB. &nbsp; DNB, les sujets des ann\u00e9es pr\u00e9c\u00e9dentes &hellip; <\/p>\n<p><a class=\"more-link btn\" href=\"https:\/\/trefavensc.fr\/?page_id=11954\">Lire la suite<\/a><\/p>\n","protected":false},"author":2,"featured_media":0,"parent":11652,"menu_order":2,"comment_status":"closed","ping_status":"closed","template":"","meta":{"ngg_post_thumbnail":0},"_links":{"self":[{"href":"https:\/\/trefavensc.fr\/index.php?rest_route=\/wp\/v2\/pages\/11954"}],"collection":[{"href":"https:\/\/trefavensc.fr\/index.php?rest_route=\/wp\/v2\/pages"}],"about":[{"href":"https:\/\/trefavensc.fr\/index.php?rest_route=\/wp\/v2\/types\/page"}],"author":[{"embeddable":true,"href":"https:\/\/trefavensc.fr\/index.php?rest_route=\/wp\/v2\/users\/2"}],"replies":[{"embeddable":true,"href":"https:\/\/trefavensc.fr\/index.php?rest_route=%2Fwp%2Fv2%2Fcomments&post=11954"}],"version-history":[{"count":106,"href":"https:\/\/trefavensc.fr\/index.php?rest_route=\/wp\/v2\/pages\/11954\/revisions"}],"predecessor-version":[{"id":19368,"href":"https:\/\/trefavensc.fr\/index.php?rest_route=\/wp\/v2\/pages\/11954\/revisions\/19368"}],"up":[{"embeddable":true,"href":"https:\/\/trefavensc.fr\/index.php?rest_route=\/wp\/v2\/pages\/11652"}],"wp:attachment":[{"href":"https:\/\/trefavensc.fr\/index.php?rest_route=%2Fwp%2Fv2%2Fmedia&parent=11954"}],"curies":[{"name":"wp","href":"https:\/\/api.w.org\/{rel}","templated":true}]}}