{"id":15340,"date":"2018-04-12T08:32:35","date_gmt":"2018-04-12T07:32:35","guid":{"rendered":"http:\/\/collegekerentrech.fr\/?page_id=15340"},"modified":"2022-06-27T11:35:33","modified_gmt":"2022-06-27T09:35:33","slug":"pour-preparer-lassr-1-et-2","status":"publish","type":"page","link":"https:\/\/trefavensc.fr\/?page_id=15340","title":{"rendered":"Pour pr\u00e9parer L&rsquo;ASSR 1 et 2"},"content":{"rendered":"<h2>Se pr\u00e9parer aux \u00e9preuves de l&rsquo;ASSR 1 (5\u00e8me) et de l&rsquo;ASSR 2 (3\u00e8me)<\/h2>\n<div class=\"pobj obj-before\"><img decoding=\"async\" src=\"http:\/\/col71-leschenesrouges.ac-dijon.fr\/_media\/img\/thumb\/assr-logo-bdf32.png\" srcset=\"_media\/img\/small\/assr-logo-bdf32.png 1.28x\" alt=\"\" \/><\/div>\n<div class=\"ptext\">\n<p>Les \u00e9preuves de l&rsquo;ASSR (Attestation Scolaire de S\u00e9curit\u00e9 Routi\u00e8re) sont organis\u00e9es tous les ans au sein du coll\u00e8ge (en avril &#8211; mai) pour les \u00e9l\u00e8ves de 5\u00e8me (ASSR1) et les \u00e9l\u00e8ves de 3\u00e8me (ASSR2). Voici le site de r\u00e9f\u00e9rence permettant de s&rsquo;entra\u00eener aux \u00e9preuves :<\/p>\n<p>Eduscol :\u00a0h<a href=\"http:\/\/preparer-assr.education-securite-routiere.fr\/\" target=\"_blank\" rel=\"noopener\">ttp:\/\/preparer-assr.education-securite-routiere.fr\/<\/a><\/p>\n<p><a href=\"http:\/\/preparer-assr.education-securite-routiere.fr\/\" target=\"_blank\" rel=\"noopener\"><img decoding=\"async\" loading=\"lazy\" class=\"aligncenter size-full wp-image-15341\" src=\"http:\/\/collegekerentrech.fr\/wp-content\/uploads\/2018\/04\/assr.jpg\" alt=\"\" width=\"450\" height=\"238\" srcset=\"https:\/\/trefavensc.fr\/wp-content\/uploads\/2018\/04\/assr.jpg 450w, https:\/\/trefavensc.fr\/wp-content\/uploads\/2018\/04\/assr-300x159.jpg 300w\" sizes=\"(max-width: 450px) 100vw, 450px\" \/><\/a><\/p>\n<p>&nbsp;<\/p>\n<\/div>\n","protected":false},"excerpt":{"rendered":"<p>Se pr\u00e9parer aux \u00e9preuves de l&rsquo;ASSR 1 (5\u00e8me) et de l&rsquo;ASSR 2 (3\u00e8me) Les \u00e9preuves de l&rsquo;ASSR (Attestation Scolaire de S\u00e9curit\u00e9 Routi\u00e8re) sont organis\u00e9es tous les ans au sein du coll\u00e8ge (en avril &#8211; mai) pour les \u00e9l\u00e8ves de 5\u00e8me (ASSR1) et les \u00e9l\u00e8ves de 3\u00e8me (ASSR2). Voici le site de r\u00e9f\u00e9rence permettant de s&rsquo;entra\u00eener &hellip; <\/p>\n<p><a class=\"more-link btn\" href=\"https:\/\/trefavensc.fr\/?page_id=15340\">Lire la suite<\/a><\/p>\n","protected":false},"author":2,"featured_media":0,"parent":430,"menu_order":11,"comment_status":"closed","ping_status":"closed","template":"","meta":{"ngg_post_thumbnail":0},"_links":{"self":[{"href":"https:\/\/trefavensc.fr\/index.php?rest_route=\/wp\/v2\/pages\/15340"}],"collection":[{"href":"https:\/\/trefavensc.fr\/index.php?rest_route=\/wp\/v2\/pages"}],"about":[{"href":"https:\/\/trefavensc.fr\/index.php?rest_route=\/wp\/v2\/types\/page"}],"author":[{"embeddable":true,"href":"https:\/\/trefavensc.fr\/index.php?rest_route=\/wp\/v2\/users\/2"}],"replies":[{"embeddable":true,"href":"https:\/\/trefavensc.fr\/index.php?rest_route=%2Fwp%2Fv2%2Fcomments&post=15340"}],"version-history":[{"count":2,"href":"https:\/\/trefavensc.fr\/index.php?rest_route=\/wp\/v2\/pages\/15340\/revisions"}],"predecessor-version":[{"id":15345,"href":"https:\/\/trefavensc.fr\/index.php?rest_route=\/wp\/v2\/pages\/15340\/revisions\/15345"}],"up":[{"embeddable":true,"href":"https:\/\/trefavensc.fr\/index.php?rest_route=\/wp\/v2\/pages\/430"}],"wp:attachment":[{"href":"https:\/\/trefavensc.fr\/index.php?rest_route=%2Fwp%2Fv2%2Fmedia&parent=15340"}],"curies":[{"name":"wp","href":"https:\/\/api.w.org\/{rel}","templated":true}]}}