{"id":15445,"date":"2018-05-14T19:01:57","date_gmt":"2018-05-14T18:01:57","guid":{"rendered":"http:\/\/collegekerentrech.fr\/?page_id=15445"},"modified":"2023-05-09T08:18:33","modified_gmt":"2023-05-09T06:18:33","slug":"celestia-prise-en-main","status":"publish","type":"page","link":"https:\/\/trefavensc.fr\/?page_id=15445","title":{"rendered":"Celestia prise en main"},"content":{"rendered":"\n<h2><strong>Un logiciel pour voyager dans l&rsquo;espace (C\u00e9lestia)<\/strong><\/h2>\n<ul>\n<li>Pour t\u00e9l\u00e9charger C\u00e9lestia en fran\u00e7ais : <a href=\"http:\/\/www.commentcamarche.net\/download\/telecharger-34055705-celestia\" target=\"_blank\" rel=\"noopener noreferrer\">http:\/\/www.commentcamarche.net\/download\/telecharger-34055705-celestia<\/a><\/li>\n<li>Un premier (voyage) script (\u00e9crit par Tanguy) :&nbsp;<a href=\"http:\/\/collegekerentrech.fr\/01-astronomie\/celestia\/script\/tanguy.cel\" target=\"_blank\" rel=\"noopener noreferrer\">tanguy.cel<\/a><\/li>\n<li>L&rsquo;explication du premier script :&nbsp;<a href=\"http:\/\/collegekerentrech.fr\/01-astronomie\/celestia\/celestia-explication-1er-script.docx\" target=\"_blank\" rel=\"noopener noreferrer\">http:\/\/collegekerentrech.fr\/01-astronomie\/celestia\/celestia-explication-1er-script.docx<\/a><\/li>\n<\/ul>\n<h5><strong>Les sites pour comprendre et comment \u00e9crire un script :<\/strong><\/h5>\n<ul>\n<li>Celestia Wiki : <a href=\"https:\/\/www.jcvignoli.com\/celestia\/wiki\/index.php\/Script\" target=\"_blank\" rel=\"noopener noreferrer\">https:\/\/www.jcvignoli.com\/celestia\/wiki\/index.php\/Script<\/a><\/li>\n<li>La diff\u00e9rence entre un script Cel et un un script Celx :\n<p><a href=\"https:\/\/en.wikibooks.org\/wiki\/Celestia\/Celx_Scripting\/CELX_Lua_Methods\/CEL_command_seturl\" target=\"_blank\" rel=\"noopener noreferrer\">https:\/\/en.wikibooks.org\/wiki\/Celestia\/Celx_Scripting\/CELX_Lua_Methods\/CEL_command_seturl<\/a><\/p>\n<\/li>\n<\/ul>\n<p>Des sites pour comprendre et t\u00e9l\u00e9charger des textures :<\/p>\n<ul>\n<li><a href=\"\/\/www.trefavensc.fr\/01-astronomie\/celestia\/A%20propos%20des%20textures.docx\" target=\"_blank\" rel=\"noopener\">Comprendre simplement les textures : lien ici<\/a><\/li>\n<li><a href=\"http:\/\/www.celestiamotherlode.net\/\" target=\"_blank\" rel=\"noopener\">Des textures : http:\/\/www.celestiamotherlode.net\/<\/a><\/li>\n<\/ul>\n<p>&nbsp;<\/p>\n<p>\u00b7 <em>Un voyage attendu par le prof &nbsp;: un d\u00e9part de Lorient , une visite de quelques plan\u00e8tes, un d\u00e9part vers une \u00e9clipse solaire<\/em><\/p>\n","protected":false},"excerpt":{"rendered":"<p>Un logiciel pour voyager dans l&rsquo;espace (C\u00e9lestia) Pour t\u00e9l\u00e9charger C\u00e9lestia en fran\u00e7ais : http:\/\/www.commentcamarche.net\/download\/telecharger-34055705-celestia Un premier (voyage) script (\u00e9crit par Tanguy) :&nbsp;tanguy.cel L&rsquo;explication du premier script :&nbsp;http:\/\/collegekerentrech.fr\/01-astronomie\/celestia\/celestia-explication-1er-script.docx Les sites pour comprendre et comment \u00e9crire un script : Celestia Wiki : https:\/\/www.jcvignoli.com\/celestia\/wiki\/index.php\/Script La diff\u00e9rence entre un script Cel et un un script Celx : https:\/\/en.wikibooks.org\/wiki\/Celestia\/Celx_Scripting\/CELX_Lua_Methods\/CEL_command_seturl Des &hellip; <\/p>\n<p><a class=\"more-link btn\" href=\"https:\/\/trefavensc.fr\/?page_id=15445\">Lire la suite<\/a><\/p>\n","protected":false},"author":2,"featured_media":0,"parent":16008,"menu_order":14,"comment_status":"closed","ping_status":"closed","template":"","meta":{"ngg_post_thumbnail":0},"_links":{"self":[{"href":"https:\/\/trefavensc.fr\/index.php?rest_route=\/wp\/v2\/pages\/15445"}],"collection":[{"href":"https:\/\/trefavensc.fr\/index.php?rest_route=\/wp\/v2\/pages"}],"about":[{"href":"https:\/\/trefavensc.fr\/index.php?rest_route=\/wp\/v2\/types\/page"}],"author":[{"embeddable":true,"href":"https:\/\/trefavensc.fr\/index.php?rest_route=\/wp\/v2\/users\/2"}],"replies":[{"embeddable":true,"href":"https:\/\/trefavensc.fr\/index.php?rest_route=%2Fwp%2Fv2%2Fcomments&post=15445"}],"version-history":[{"count":9,"href":"https:\/\/trefavensc.fr\/index.php?rest_route=\/wp\/v2\/pages\/15445\/revisions"}],"predecessor-version":[{"id":19061,"href":"https:\/\/trefavensc.fr\/index.php?rest_route=\/wp\/v2\/pages\/15445\/revisions\/19061"}],"up":[{"embeddable":true,"href":"https:\/\/trefavensc.fr\/index.php?rest_route=\/wp\/v2\/pages\/16008"}],"wp:attachment":[{"href":"https:\/\/trefavensc.fr\/index.php?rest_route=%2Fwp%2Fv2%2Fmedia&parent=15445"}],"curies":[{"name":"wp","href":"https:\/\/api.w.org\/{rel}","templated":true}]}}