{"id":18993,"date":"2023-02-06T12:48:06","date_gmt":"2023-02-06T10:48:06","guid":{"rendered":"https:\/\/trefavensc.fr\/?page_id=18993"},"modified":"2023-03-30T12:27:31","modified_gmt":"2023-03-30T10:27:31","slug":"le-livre-cycle-4","status":"publish","type":"page","link":"https:\/\/trefavensc.fr\/?page_id=18993","title":{"rendered":"Livre phy-chim"},"content":{"rendered":"\n<p>Ici, vous trouverez le <a href=\"https:\/\/fr.calameo.com\/read\/00482295385563ce6bb4b\" target=\"_blank\" rel=\"noopener\">livre de physique chimie. Tr\u00e8s pratique&nbsp; pour faire les exercices et les r\u00e9visions du cours.<\/a><\/p>\n<h2 style=\"text-align: center;\"><a href=\"https:\/\/fr.calameo.com\/read\/00482295385563ce6bb4b\" target=\"_blank\" rel=\"noopener\"><span style=\"background-color: #cc99ff;\">Attention pour trouver la page qui vous int\u00e9resse rajouter 37 au num\u00e9ro de la page voulue !<\/span><br><span style=\"background-color: #cc99ff;\">( Exemple pour comprendre : vous voulez voir la page 100 du livre, taper 137 en bas \u00e0 droite \/455 )<\/span><br><span style=\"background-color: #ff9900;\"><img decoding=\"async\" loading=\"lazy\" class=\"aligncenter wp-image-18994\" src=\"https:\/\/trefavensc.fr\/wp-content\/uploads\/2023\/02\/Lien-livre-C4.jpg\" alt=\"Livre cycle 4\" width=\"156\" height=\"224\" srcset=\"https:\/\/trefavensc.fr\/wp-content\/uploads\/2023\/02\/Lien-livre-C4.jpg 314w, https:\/\/trefavensc.fr\/wp-content\/uploads\/2023\/02\/Lien-livre-C4-209x300.jpg 209w\" sizes=\"(max-width: 156px) 100vw, 156px\" \/><\/span><\/a><\/h2>\n<ul>\n<li>N&rsquo;oubliez pas de retravailler, pour pr\u00e9parer les \u00e9valuations, les connaissances \u00e0 atteindre donn\u00e9es en d\u00e9but de th\u00e8me.<\/li>\n<li><span style=\"color: #ff0000;\">Attention :<\/span> pour pr\u00e9parer les \u00e9valuations de compr\u00e9hension, retravaillez aussi les exercices et faire quelques exercices suppl\u00e9mentaires (voir bas des pages du th\u00e8me)<\/li>\n<\/ul>\n","protected":false},"excerpt":{"rendered":"<p>Ici, vous trouverez le livre de physique chimie. Tr\u00e8s pratique&nbsp; pour faire les exercices et les r\u00e9visions du cours. Attention pour trouver la page qui vous int\u00e9resse rajouter 37 au num\u00e9ro de la page voulue !( Exemple pour comprendre : vous voulez voir la page 100 du livre, taper 137 en bas \u00e0 droite \/455 &hellip; <\/p>\n<p><a class=\"more-link btn\" href=\"https:\/\/trefavensc.fr\/?page_id=18993\">Lire la suite<\/a><\/p>\n","protected":false},"author":2,"featured_media":0,"parent":11652,"menu_order":0,"comment_status":"closed","ping_status":"closed","template":"","meta":{"ngg_post_thumbnail":0},"_links":{"self":[{"href":"https:\/\/trefavensc.fr\/index.php?rest_route=\/wp\/v2\/pages\/18993"}],"collection":[{"href":"https:\/\/trefavensc.fr\/index.php?rest_route=\/wp\/v2\/pages"}],"about":[{"href":"https:\/\/trefavensc.fr\/index.php?rest_route=\/wp\/v2\/types\/page"}],"author":[{"embeddable":true,"href":"https:\/\/trefavensc.fr\/index.php?rest_route=\/wp\/v2\/users\/2"}],"replies":[{"embeddable":true,"href":"https:\/\/trefavensc.fr\/index.php?rest_route=%2Fwp%2Fv2%2Fcomments&post=18993"}],"version-history":[{"count":8,"href":"https:\/\/trefavensc.fr\/index.php?rest_route=\/wp\/v2\/pages\/18993\/revisions"}],"predecessor-version":[{"id":19034,"href":"https:\/\/trefavensc.fr\/index.php?rest_route=\/wp\/v2\/pages\/18993\/revisions\/19034"}],"up":[{"embeddable":true,"href":"https:\/\/trefavensc.fr\/index.php?rest_route=\/wp\/v2\/pages\/11652"}],"wp:attachment":[{"href":"https:\/\/trefavensc.fr\/index.php?rest_route=%2Fwp%2Fv2%2Fmedia&parent=18993"}],"curies":[{"name":"wp","href":"https:\/\/api.w.org\/{rel}","templated":true}]}}