{"id":19002,"date":"2023-03-18T10:28:40","date_gmt":"2023-03-18T08:28:40","guid":{"rendered":"https:\/\/trefavensc.fr\/?page_id=19002"},"modified":"2023-11-17T19:06:22","modified_gmt":"2023-11-17T17:06:22","slug":"learning-apps","status":"publish","type":"page","link":"https:\/\/trefavensc.fr\/?page_id=19002","title":{"rendered":"Jouer : learning apps"},"content":{"rendered":"\n<p><a href=\"https:\/\/learningapps.org\/index.php?overview&amp;s=&amp;category=0&amp;tool=\" target=\"_blank\" rel=\"noopener\">Le site pour se faire plaisir et s&rsquo;entrainer dans toutes mati\u00e8res.<\/a> Pour choisir une mati\u00e8re d&rsquo;entrainement, cliquez sur D\u00e9couvrir des applis<\/p>\n<p>1<\/p>\n<p><a href=\"https:\/\/learningapps.org\/index.php?overview&amp;s=&amp;category=0&amp;tool=\" target=\"_blank\" rel=\"noopener\"><img decoding=\"async\" loading=\"lazy\" class=\"aligncenter wp-image-19003 size-full\" src=\"https:\/\/trefavensc.fr\/wp-content\/uploads\/2023\/03\/Lien-Learning-apps.jpg\" alt=\"\" width=\"500\" height=\"329\" srcset=\"https:\/\/trefavensc.fr\/wp-content\/uploads\/2023\/03\/Lien-Learning-apps.jpg 500w, https:\/\/trefavensc.fr\/wp-content\/uploads\/2023\/03\/Lien-Learning-apps-300x197.jpg 300w, https:\/\/trefavensc.fr\/wp-content\/uploads\/2023\/03\/Lien-Learning-apps-456x300.jpg 456w\" sizes=\"(max-width: 500px) 100vw, 500px\" \/><\/a>.1<\/p>\n","protected":false},"excerpt":{"rendered":"<p>Le site pour se faire plaisir et s&rsquo;entrainer dans toutes mati\u00e8res. Pour choisir une mati\u00e8re d&rsquo;entrainement, cliquez sur D\u00e9couvrir des applis 1 .1<\/p>\n","protected":false},"author":2,"featured_media":0,"parent":0,"menu_order":0,"comment_status":"closed","ping_status":"closed","template":"","meta":{"ngg_post_thumbnail":0},"_links":{"self":[{"href":"https:\/\/trefavensc.fr\/index.php?rest_route=\/wp\/v2\/pages\/19002"}],"collection":[{"href":"https:\/\/trefavensc.fr\/index.php?rest_route=\/wp\/v2\/pages"}],"about":[{"href":"https:\/\/trefavensc.fr\/index.php?rest_route=\/wp\/v2\/types\/page"}],"author":[{"embeddable":true,"href":"https:\/\/trefavensc.fr\/index.php?rest_route=\/wp\/v2\/users\/2"}],"replies":[{"embeddable":true,"href":"https:\/\/trefavensc.fr\/index.php?rest_route=%2Fwp%2Fv2%2Fcomments&post=19002"}],"version-history":[{"count":7,"href":"https:\/\/trefavensc.fr\/index.php?rest_route=\/wp\/v2\/pages\/19002\/revisions"}],"predecessor-version":[{"id":19144,"href":"https:\/\/trefavensc.fr\/index.php?rest_route=\/wp\/v2\/pages\/19002\/revisions\/19144"}],"wp:attachment":[{"href":"https:\/\/trefavensc.fr\/index.php?rest_route=%2Fwp%2Fv2%2Fmedia&parent=19002"}],"curies":[{"name":"wp","href":"https:\/\/api.w.org\/{rel}","templated":true}]}}