{"id":19295,"date":"2024-11-14T11:44:06","date_gmt":"2024-11-14T09:44:06","guid":{"rendered":"https:\/\/trefavensc.fr\/?page_id=19295"},"modified":"2024-11-14T11:52:10","modified_gmt":"2024-11-14T09:52:10","slug":"meteo-a-lorient","status":"publish","type":"page","link":"https:\/\/trefavensc.fr\/?page_id=19295","title":{"rendered":"M\u00e9t\u00e9o \u00e0 Lorient"},"content":{"rendered":"\n<p><a href=\"https:\/\/www.lachainemeteo.com\/meteo-france\/ville-11917\/previsions-meteo-lorient-aujourdhui\" target=\"_blank\" rel=\"noopener\"><img decoding=\"async\" loading=\"lazy\" class=\"aligncenter size-full wp-image-19301\" src=\"https:\/\/trefavensc.fr\/wp-content\/uploads\/2024\/11\/Lien-chaine-meteo.jpg\" alt=\"\" width=\"650\" height=\"226\" srcset=\"https:\/\/trefavensc.fr\/wp-content\/uploads\/2024\/11\/Lien-chaine-meteo.jpg 650w, https:\/\/trefavensc.fr\/wp-content\/uploads\/2024\/11\/Lien-chaine-meteo-300x104.jpg 300w, https:\/\/trefavensc.fr\/wp-content\/uploads\/2024\/11\/Lien-chaine-meteo-500x174.jpg 500w\" sizes=\"(max-width: 650px) 100vw, 650px\" \/><\/a><\/p>\n<p>&nbsp;<\/p>\n<p><a href=\"https:\/\/www.lachainemeteo.com\/meteo-france\/ville-11917\/previsions-meteo-lorient-aujourdhui\" target=\"_blank\" rel=\"noopener\">https:\/\/www.lachainemeteo.com\/meteo-france\/ville-11917\/previsions-meteo-lorient-aujourdhui<\/a><\/p>\n<p>&nbsp;<\/p>\n","protected":false},"excerpt":{"rendered":"<p>&nbsp; https:\/\/www.lachainemeteo.com\/meteo-france\/ville-11917\/previsions-meteo-lorient-aujourdhui &nbsp;<\/p>\n","protected":false},"author":2,"featured_media":0,"parent":0,"menu_order":0,"comment_status":"closed","ping_status":"closed","template":"","meta":{"ngg_post_thumbnail":0},"_links":{"self":[{"href":"https:\/\/trefavensc.fr\/index.php?rest_route=\/wp\/v2\/pages\/19295"}],"collection":[{"href":"https:\/\/trefavensc.fr\/index.php?rest_route=\/wp\/v2\/pages"}],"about":[{"href":"https:\/\/trefavensc.fr\/index.php?rest_route=\/wp\/v2\/types\/page"}],"author":[{"embeddable":true,"href":"https:\/\/trefavensc.fr\/index.php?rest_route=\/wp\/v2\/users\/2"}],"replies":[{"embeddable":true,"href":"https:\/\/trefavensc.fr\/index.php?rest_route=%2Fwp%2Fv2%2Fcomments&post=19295"}],"version-history":[{"count":4,"href":"https:\/\/trefavensc.fr\/index.php?rest_route=\/wp\/v2\/pages\/19295\/revisions"}],"predecessor-version":[{"id":19303,"href":"https:\/\/trefavensc.fr\/index.php?rest_route=\/wp\/v2\/pages\/19295\/revisions\/19303"}],"wp:attachment":[{"href":"https:\/\/trefavensc.fr\/index.php?rest_route=%2Fwp%2Fv2%2Fmedia&parent=19295"}],"curies":[{"name":"wp","href":"https:\/\/api.w.org\/{rel}","templated":true}]}}