{"id":3723,"date":"2011-10-04T10:15:58","date_gmt":"2011-10-04T08:15:58","guid":{"rendered":"http:\/\/collegekerentrech.fr\/?page_id=3723"},"modified":"2023-03-23T14:07:32","modified_gmt":"2023-03-23T12:07:32","slug":"astronomie","status":"publish","type":"page","link":"https:\/\/trefavensc.fr\/?page_id=3723","title":{"rendered":"Astro"},"content":{"rendered":"\n<h2><a href=\"http:\/\/collegekerentrech.fr\/?page_id=16024\" target=\"_blank\" rel=\"noopener noreferrer\">Notre chaine d&rsquo;astronomie sur You tube<\/a><\/h2>\n\n\n\n<h2>Une adresse utile :<\/h2>\n\n\n\n<ul>\n<li><span style=\"font-size: 12pt;\"><a href=\"http:\/\/www.ac-nice.fr\/clea\/\" target=\"_blank\" rel=\"noopener noreferrer\">Le CLEA : comit\u00e9 de liaison enseignants &#8211; Astronomes <\/a><\/span><em>(pour partager les exp\u00e9riences, participer avec d&rsquo;autres classes, ressources p\u00e9dagogiques &#8230;)<\/em><\/li>\n<\/ul>\n\n\n\n<h2>1. Des activit\u00e9s possibles :<\/h2>\n\n\n\n<h3><a href=\"https:\/\/www.pearltrees.com\/robin_the_boss\" target=\"_blank\" rel=\"noopener\">Le Pearltrees du prof<\/a><\/h3>\n\n\n\n<figure class=\"wp-block-table\"><table><tbody><tr><td><a href=\"http:\/\/collegekerentrech.fr\/01-astronomie\/proposition-et-choix-du-planning-des-activites-en-astronomie.ott\" target=\"_blank\" rel=\"noopener noreferrer\"><strong style=\"color: #333333; font-family: Georgia, 'Times New Roman', 'Bitstream Charter', Times, serif; font-size: 13px; line-height: 19px;\"><img decoding=\"async\" loading=\"lazy\" class=\"aligncenter size-full wp-image-6101\" title=\"astro1\" src=\"http:\/\/collegekerentrech.fr\/wp-content\/uploads\/2011\/10\/astro1.jpg\" alt=\"\" width=\"80\" height=\"80\"><\/strong><\/a><\/td><td>\n<h3 style=\"padding-left: 30px;\">Savoir utiliser une lunette ou un t\u00e9l\u00e9scope<\/h3>\n<h3 style=\"padding-left: 30px;\">&nbsp;<\/h3>\n<\/td><\/tr><tr><td><a href=\"http:\/\/collegekerentrech.fr\/01-astronomie\/fusee\/index.html\"><img decoding=\"async\" loading=\"lazy\" class=\"aligncenter size-full wp-image-6102\" title=\"astro2\" src=\"http:\/\/collegekerentrech.fr\/wp-content\/uploads\/2011\/10\/astro2.jpg\" alt=\"\" width=\"80\" height=\"80\"><\/a><\/td><td>\n<h3 style=\"padding-left: 30px;\"><a href=\"http:\/\/collegekerentrech.fr\/01-astronomie\/fusee\/index.html\"><strong>Construction de fus\u00e9es : \u00e0 eau<\/strong><\/a><\/h3>\n<h3 style=\"padding-left: 30px;\"><a href=\"http:\/\/collegekerentrech.fr\/?page_id=3954\"><strong>Les fus\u00e9es \u00e0 eau&nbsp; : des am\u00e9liorations<\/strong><\/a><\/h3>\n<h3 style=\"padding-left: 30px;\"><a href=\"http:\/\/collegekerentrech.fr\/?page_id=11607\" target=\"_blank\" rel=\"noopener noreferrer\"><strong>Construction d&rsquo;une&nbsp;<\/strong>Microfus\u00e9e \/\/ La fus\u00e9e Tintin<\/a><\/h3>\n<h3 style=\"padding-left: 30px;\"><a href=\"https:\/\/padlet.com\/sciences_kerentrech\/3ncmhaghqn5k\" target=\"_blank\" rel=\"noopener noreferrer\">Micro fus\u00e9e : le mur<\/a><\/h3>\n<p>&nbsp;<\/p>\n<\/td><\/tr><tr><td>&nbsp;<\/td><td>\n<h3 style=\"padding-left: 30px;\"><a href=\"http:\/\/collegekerentrech.fr\/?page_id=4374\"><strong>Se rep\u00e9rer dans le ciel : les principales constellations<\/strong><\/a><\/h3>\n<\/td><\/tr><tr><td><img decoding=\"async\" loading=\"lazy\" class=\"size-full wp-image-6105 alignnone\" title=\"astro5\" src=\"http:\/\/collegekerentrech.fr\/wp-content\/uploads\/2011\/10\/astro5.jpg\" alt=\"\" width=\"80\" height=\"80\"><\/td><td>\n<h3 style=\"padding-left: 30px;\"><a href=\"http:\/\/collegekerentrech.fr\/01-astronomie\/stellarium\/Travail%20avec%20Stellarium.html\"><strong>Stellarium un simulateur pour l&rsquo;observation du ciel<\/strong><\/a><\/h3>\n<\/td><\/tr><tr><td><a href=\"http:\/\/collegekerentrech.fr\/?p=4607\" target=\"_blank\" rel=\"noopener noreferrer\"><img decoding=\"async\" loading=\"lazy\" class=\"alignleft size-full wp-image-6365\" src=\"http:\/\/collegekerentrech.fr\/wp-content\/uploads\/2011\/10\/lune-vignette.jpg\" alt=\"lune-vignette\" width=\"80\" height=\"80\"><\/a><\/td><td>\n<h3 style=\"padding-left: 30px;\"><a title=\"Enfin un ciel d\u00e9gag\u00e9\" href=\"http:\/\/collegekerentrech.fr\/?p=4607\" target=\"_blank\" rel=\"noopener noreferrer\"><strong>Observation du ciel<\/strong><\/a><\/h3>\n<h3 style=\"padding-left: 30px;\"><a href=\"http:\/\/collegekerentrech.fr\/?page_id=4907\" target=\"_blank\" rel=\"noopener noreferrer\">Astrophotographie : premier pas<\/a><\/h3>\n<h3 style=\"padding-left: 30px;\"><a href=\"http:\/\/collegekerentrech.fr\/?page_id=10260\" target=\"_blank\" rel=\"noopener noreferrer\">Nos films de la Lune<\/a><\/h3>\n<p>&nbsp;<\/p>\n<\/td><\/tr><tr><td><a href=\"http:\/\/collegekerentrech.fr\/01-astronomie\/exoplanete\/index.html\" target=\"_blank\" rel=\"noopener noreferrer\"><img decoding=\"async\" loading=\"lazy\" class=\"size-full wp-image-6364 aligncenter\" src=\"http:\/\/collegekerentrech.fr\/wp-content\/uploads\/2011\/10\/interrogation-bleu.gif\" alt=\"interrogation-bleu\" width=\"66\" height=\"82\"><\/a><\/td><td>\n<h3 style=\"padding-left: 30px;\"><a href=\"http:\/\/collegekerentrech.fr\/01-astronomie\/exoplanete\/index.html\" target=\"_blank\" rel=\"noopener noreferrer\"><span style=\"text-decoration: underline; color: #0000ff;\"><strong>A la d\u00e9couverte d&rsquo;une exoplan\u00e8te<\/strong><\/span><\/a><\/h3>\n<p>&nbsp;<\/p>\n<\/td><\/tr><tr><td>\n<h3 style=\"text-align: center;\"><a href=\"http:\/\/collegekerentrech.fr\/wp-content\/uploads\/2011\/10\/Registax.jpg\"><img decoding=\"async\" loading=\"lazy\" class=\"alignleft size-full wp-image-6409\" src=\"http:\/\/collegekerentrech.fr\/wp-content\/uploads\/2011\/10\/Registax.jpg\" alt=\"\" width=\"80\" height=\"80\"><\/a><\/h3>\n<\/td><td>\n<h3 style=\"padding-left: 30px; text-align: left;\"><strong>Traitement d&rsquo;images pour l&rsquo;astrophotographie : Registax 6<\/strong><\/h3>\n<\/td><\/tr><tr><td>&nbsp;<a href=\"http:\/\/collegekerentrech.fr\/?page_id=4374\" target=\"_blank\" rel=\"noopener noreferrer\"><img decoding=\"async\" loading=\"lazy\" class=\"aligncenter size-full wp-image-6106\" title=\"astro6\" src=\"http:\/\/collegekerentrech.fr\/wp-content\/uploads\/2011\/10\/astro6.jpg\" alt=\"\" width=\"80\" height=\"80\"><\/a><\/td><td>\n<h3 style=\"padding-left: 30px;\"><a href=\"http:\/\/collegekerentrech.fr\/?page_id=4011\" target=\"_blank\" rel=\"noopener noreferrer\"><strong>Construction d&rsquo;une lunette simplifi\u00e9e<\/strong><\/a><\/h3>\n<\/td><\/tr><tr><td>&nbsp;<a href=\"http:\/\/collegekerentrech.fr\/?page_id=4463\" target=\"_blank\" rel=\"noopener noreferrer\"><img decoding=\"async\" loading=\"lazy\" class=\"aligncenter size-full wp-image-6107\" title=\"astro7\" src=\"http:\/\/collegekerentrech.fr\/wp-content\/uploads\/2011\/10\/astro7.jpg\" alt=\"\" width=\"80\" height=\"21\"><\/a><\/td><td>\n<h3 style=\"padding-left: 30px;\"><a href=\"http:\/\/collegekerentrech.fr\/?page_id=4463\" target=\"_blank\" rel=\"noopener noreferrer\"><strong>&nbsp;Peinture d&rsquo;un mur en Astronomie<\/strong><\/a><\/h3>\n<\/td><\/tr><tr><td>&nbsp;<\/td><td>\n<h3>&nbsp;Pr\u00e9sentation des plan\u00e8tes en vid\u00e9o (fond vert)<\/h3>\n<p style=\"padding-left: 30px;\"><a href=\"https:\/\/fr.padlet.com\/lyna_guissem\/ghz1qyd0fxl1\" target=\"_blank\" rel=\"noopener noreferrer\">Le padlet de pr\u00e9paration (informations sur les plan\u00e8tes)<\/a><\/p>\n<p style=\"padding-left: 30px;\"><a href=\"https:\/\/padlet.com\/lyna_guissem\/im0b7dmt82fz\" target=\"_blank\" rel=\"noopener noreferrer\">Le padlet sc\u00e9nario<\/a><\/p>\n<p>&nbsp;<\/p>\n<\/td><\/tr><tr><td>&nbsp;<img decoding=\"async\" loading=\"lazy\" class=\"aligncenter wp-image-11716\" src=\"http:\/\/collegekerentrech.fr\/wp-content\/uploads\/2016\/01\/systeme-solaire.jpg\" alt=\"\" width=\"94\" height=\"66\" srcset=\"https:\/\/trefavensc.fr\/wp-content\/uploads\/2016\/01\/systeme-solaire.jpg 566w, https:\/\/trefavensc.fr\/wp-content\/uploads\/2016\/01\/systeme-solaire-300x212.jpg 300w\" sizes=\"(max-width: 94px) 100vw, 94px\" \/><\/td><td>\n<h3><a href=\"http:\/\/collegekerentrech.fr\/?page_id=15445\" target=\"_blank\" rel=\"noopener noreferrer\">&nbsp;C\u00e9lestia : en route pour un voyage dans l&rsquo;espace (\u00e9criture de scripts)<\/a><\/h3>\n<\/td><\/tr><tr><td>&nbsp;<\/td><td>\n<h3 style=\"padding-left: 30px;\">&nbsp;<\/h3>\n<\/td><\/tr><tr><td>&nbsp;<\/td><td>\n<h3 style=\"padding-left: 30px;\">S\u00e9ance sur La Lune : <a title=\"Pour le t\u00e9l\u00e9charger\" href=\"http:\/\/ap-i.net\/avl\/fr\/start\" target=\"_blank\" rel=\"noopener noreferrer\">Atlas de la Lune : le lien<\/a><\/h3>\n<\/td><\/tr><\/tbody><\/table><\/figure>\n\n\n\n<h2><a style=\"color: #9538c5; outline: 0px;\" href=\"http:\/\/collegekerentrech.fr\/?page_id=7648\" target=\"_blank\" rel=\"noopener noreferrer\">2. D&rsquo;autres activit\u00e9s possibles de l&rsquo;Atelier d&rsquo;astronomie<\/a><\/h2>\n","protected":false},"excerpt":{"rendered":"<p>Notre chaine d&rsquo;astronomie sur You tube Une adresse utile : 1. Des activit\u00e9s possibles : Le Pearltrees du prof Savoir utiliser une lunette ou un t\u00e9l\u00e9scope &nbsp; Construction de fus\u00e9es : \u00e0 eau Les fus\u00e9es \u00e0 eau&nbsp; : des am\u00e9liorations Construction d&rsquo;une&nbsp;Microfus\u00e9e \/\/ La fus\u00e9e Tintin Micro fus\u00e9e : le mur &nbsp; &nbsp; Se rep\u00e9rer &hellip; <\/p>\n<p><a class=\"more-link btn\" href=\"https:\/\/trefavensc.fr\/?page_id=3723\">Lire la suite<\/a><\/p>\n","protected":false},"author":2,"featured_media":0,"parent":0,"menu_order":1,"comment_status":"closed","ping_status":"closed","template":"","meta":{"ngg_post_thumbnail":0},"_links":{"self":[{"href":"https:\/\/trefavensc.fr\/index.php?rest_route=\/wp\/v2\/pages\/3723"}],"collection":[{"href":"https:\/\/trefavensc.fr\/index.php?rest_route=\/wp\/v2\/pages"}],"about":[{"href":"https:\/\/trefavensc.fr\/index.php?rest_route=\/wp\/v2\/types\/page"}],"author":[{"embeddable":true,"href":"https:\/\/trefavensc.fr\/index.php?rest_route=\/wp\/v2\/users\/2"}],"replies":[{"embeddable":true,"href":"https:\/\/trefavensc.fr\/index.php?rest_route=%2Fwp%2Fv2%2Fcomments&post=3723"}],"version-history":[{"count":89,"href":"https:\/\/trefavensc.fr\/index.php?rest_route=\/wp\/v2\/pages\/3723\/revisions"}],"predecessor-version":[{"id":19028,"href":"https:\/\/trefavensc.fr\/index.php?rest_route=\/wp\/v2\/pages\/3723\/revisions\/19028"}],"wp:attachment":[{"href":"https:\/\/trefavensc.fr\/index.php?rest_route=%2Fwp%2Fv2%2Fmedia&parent=3723"}],"curies":[{"name":"wp","href":"https:\/\/api.w.org\/{rel}","templated":true}]}}