{"id":4463,"date":"2012-01-17T10:21:37","date_gmt":"2012-01-17T09:21:37","guid":{"rendered":"http:\/\/collegekerentrech.fr\/?page_id=4463"},"modified":"2019-01-26T11:10:03","modified_gmt":"2019-01-26T10:10:03","slug":"peinture-dun-mur-dastronomie","status":"publish","type":"page","link":"https:\/\/trefavensc.fr\/?page_id=4463","title":{"rendered":"Peinture d&rsquo;un mur d&rsquo;astronomie"},"content":{"rendered":"<h1 class=\"post-title entry-title\">1\u00e8re heure<\/h1>\n<p>&nbsp;<\/p>\n<p>\u2192 Le groupe sera partag\u00e9 en 2 sous groupes de 6 \u00e0 7 \u00e9l\u00e8ves<\/p>\n<ul>\n<li>Seul 6 \u00e0 7 \u00e9l\u00e8ves d\u00e9marreront cette fresque ce mardi 17 janvier<\/li>\n<li>Les 6 ou 7 autres interviendront le mardi 24 janvier<\/li>\n<\/ul>\n<p>\u2192 Pour ce soir ou la fois prochaine :<strong> pr\u00e9voir un Tee Shirt abim\u00e9<\/strong> car risque d\u2019\u00e9claboussures\u00a0 de peinture !<\/p>\n<p>Il ne nous reste plus qu&rsquo;\u00e0 bien peindre&#8230; Un beau d\u00e9fi \u00e0 relever !<\/p>\n<p>&nbsp;<\/p>\n<h1 class=\"post-title entry-title\">Peinture d\u2019un mur d\u2019astronomie : 2\u00e8me et 3\u00e8me heure<\/h1>\n<div class=\"entry-content clearfix\">Les travaux sur le mur se poursuivent en attendant une observation du ciel Mesures du mur, choix de l&rsquo;\u00e9chelle, Emplacement des plan\u00e8tes sur le mur, et peinture du fond du ciel remplissent plus que largement ces 2 H qui en font plut\u00f4t 3H 1\/2 ! Quand on aime on ne compte pas !<\/div>\n<div class=\"entry-content clearfix\"><\/div>\n","protected":false},"excerpt":{"rendered":"<p>1\u00e8re heure &nbsp; \u2192 Le groupe sera partag\u00e9 en 2 sous groupes de 6 \u00e0 7 \u00e9l\u00e8ves Seul 6 \u00e0 7 \u00e9l\u00e8ves d\u00e9marreront cette fresque ce mardi 17 janvier Les 6 ou 7 autres interviendront le mardi 24 janvier \u2192 Pour ce soir ou la fois prochaine : pr\u00e9voir un Tee Shirt abim\u00e9 car risque &hellip; <\/p>\n<p><a class=\"more-link btn\" href=\"https:\/\/trefavensc.fr\/?page_id=4463\">Lire la suite<\/a><\/p>\n","protected":false},"author":2,"featured_media":0,"parent":16008,"menu_order":3,"comment_status":"closed","ping_status":"closed","template":"","meta":{"ngg_post_thumbnail":0},"_links":{"self":[{"href":"https:\/\/trefavensc.fr\/index.php?rest_route=\/wp\/v2\/pages\/4463"}],"collection":[{"href":"https:\/\/trefavensc.fr\/index.php?rest_route=\/wp\/v2\/pages"}],"about":[{"href":"https:\/\/trefavensc.fr\/index.php?rest_route=\/wp\/v2\/types\/page"}],"author":[{"embeddable":true,"href":"https:\/\/trefavensc.fr\/index.php?rest_route=\/wp\/v2\/users\/2"}],"replies":[{"embeddable":true,"href":"https:\/\/trefavensc.fr\/index.php?rest_route=%2Fwp%2Fv2%2Fcomments&post=4463"}],"version-history":[{"count":9,"href":"https:\/\/trefavensc.fr\/index.php?rest_route=\/wp\/v2\/pages\/4463\/revisions"}],"predecessor-version":[{"id":16006,"href":"https:\/\/trefavensc.fr\/index.php?rest_route=\/wp\/v2\/pages\/4463\/revisions\/16006"}],"up":[{"embeddable":true,"href":"https:\/\/trefavensc.fr\/index.php?rest_route=\/wp\/v2\/pages\/16008"}],"wp:attachment":[{"href":"https:\/\/trefavensc.fr\/index.php?rest_route=%2Fwp%2Fv2%2Fmedia&parent=4463"}],"curies":[{"name":"wp","href":"https:\/\/api.w.org\/{rel}","templated":true}]}}