{"id":6443,"date":"2013-02-06T11:19:52","date_gmt":"2013-02-06T10:19:52","guid":{"rendered":"http:\/\/collegekerentrech.fr\/?page_id=6443"},"modified":"2019-01-26T10:45:59","modified_gmt":"2019-01-26T09:45:59","slug":"des-outils-pour-lastronomie","status":"publish","type":"page","link":"https:\/\/trefavensc.fr\/?page_id=6443","title":{"rendered":"Des sites pour l&rsquo;astronomie"},"content":{"rendered":"<p>&nbsp;<\/p>\n<table style=\"width: 650px;\" border=\"1\">\n<tbody style=\"padding-left: 30px;\">\n<tr style=\"padding-left: 30px;\">\n<td><a href=\"http:\/\/www.astrojuniors.fr\/\" target=\"_blank\" rel=\"noopener\"><img decoding=\"async\" loading=\"lazy\" class=\"aligncenter size-full wp-image-6986\" src=\"http:\/\/collegekerentrech.fr\/wp-content\/uploads\/2013\/02\/Astrojuniors2013-bord-rond.jpg\" alt=\"Astrojuniors2013-bord rond\" width=\"126\" height=\"148\" \/><\/a><\/td>\n<td style=\"padding-left: 30px;\"><a href=\"http:\/\/www.astrojuniors.fr\/\" target=\"_blank\" rel=\"noopener\">Le site d&rsquo;astronomie pour les jeunes<\/a><\/td>\n<\/tr>\n<tr style=\"padding-left: 30px;\">\n<td><a href=\"http:\/\/france.meteofrance.com\/france\/OBSERVATIONS?OBSERVATIONS_PORTLET.path=animationsatellite\/ZONE_FRANCE\" target=\"_blank\" rel=\"noopener\"><img decoding=\"async\" loading=\"lazy\" class=\"wp-image-6444 alignnone\" src=\"http:\/\/collegekerentrech.fr\/wp-content\/uploads\/2013\/02\/animation-satellite-bord-rond.jpg\" alt=\"animation satellite- bord rond\" width=\"125\" height=\"138\" \/><\/a><\/td>\n<td style=\"padding-left: 30px;\"><a href=\"http:\/\/france.meteofrance.com\/france\/OBSERVATIONS?OBSERVATIONS_PORTLET.path=animationsatellite\/ZONE_FRANCE\" target=\"_blank\" rel=\"noopener\">Le site pour c<\/a><span style=\"font-size: 11px; line-height: 19px;\" data-mce-mark=\"1\"><a href=\"http:\/\/france.meteofrance.com\/france\/OBSERVATIONS?OBSERVATIONS_PORTLET.path=animationsatellite\/ZONE_FRANCE\" target=\"_blank\" rel=\"noopener\">onnaitre la m\u00e9t\u00e9o \u00e0 venir dans la journ\u00e9e<\/a> et bien planifier la\u00a0<\/span><span style=\"font-size: 11px; line-height: 19px;\" data-mce-mark=\"1\">soir\u00e9e d&rsquo;obse<\/span><span style=\"font-size: 11px; line-height: 19px;\" data-mce-mark=\"1\">rvation<\/span><\/td>\n<\/tr>\n<tr style=\"padding-left: 30px;\">\n<td><\/td>\n<td style=\"padding-left: 30px;\"><\/td>\n<\/tr>\n<tr style=\"padding-left: 30px;\">\n<td><a href=\"http:\/\/www.learnconstellations.com\/Site%20web\/Apprendre%20les%20constellations.html\" target=\"_blank\" rel=\"noopener\"><img decoding=\"async\" loading=\"lazy\" class=\"wp-image-6478 alignnone\" style=\"line-height: 18.99147605895996px;\" src=\"http:\/\/collegekerentrech.fr\/wp-content\/uploads\/2013\/02\/constellation-apprendre.jpg\" alt=\"constellation-apprendre\" width=\"125\" height=\"124\" \/><\/a><\/td>\n<td style=\"padding-left: 30px;\">\u00a0<a href=\"http:\/\/www.learnconstellations.com\/Site%20web\/Apprendre%20les%20constellations.html\" target=\"_blank\" rel=\"noopener\">Le site pour connaitre et m\u00e9moriser les diff\u00e9rentes constellations<\/a>. Et en plus on apprend en s&rsquo;amusant<\/td>\n<\/tr>\n<\/tbody>\n<\/table>\n","protected":false},"excerpt":{"rendered":"<p>&nbsp; Le site d&rsquo;astronomie pour les jeunes Le site pour connaitre la m\u00e9t\u00e9o \u00e0 venir dans la journ\u00e9e et bien planifier la\u00a0soir\u00e9e d&rsquo;observation \u00a0Le site pour connaitre et m\u00e9moriser les diff\u00e9rentes constellations. Et en plus on apprend en s&rsquo;amusant<\/p>\n","protected":false},"author":2,"featured_media":0,"parent":16008,"menu_order":8,"comment_status":"closed","ping_status":"closed","template":"","meta":{"ngg_post_thumbnail":0},"_links":{"self":[{"href":"https:\/\/trefavensc.fr\/index.php?rest_route=\/wp\/v2\/pages\/6443"}],"collection":[{"href":"https:\/\/trefavensc.fr\/index.php?rest_route=\/wp\/v2\/pages"}],"about":[{"href":"https:\/\/trefavensc.fr\/index.php?rest_route=\/wp\/v2\/types\/page"}],"author":[{"embeddable":true,"href":"https:\/\/trefavensc.fr\/index.php?rest_route=\/wp\/v2\/users\/2"}],"replies":[{"embeddable":true,"href":"https:\/\/trefavensc.fr\/index.php?rest_route=%2Fwp%2Fv2%2Fcomments&post=6443"}],"version-history":[{"count":14,"href":"https:\/\/trefavensc.fr\/index.php?rest_route=\/wp\/v2\/pages\/6443\/revisions"}],"predecessor-version":[{"id":16013,"href":"https:\/\/trefavensc.fr\/index.php?rest_route=\/wp\/v2\/pages\/6443\/revisions\/16013"}],"up":[{"embeddable":true,"href":"https:\/\/trefavensc.fr\/index.php?rest_route=\/wp\/v2\/pages\/16008"}],"wp:attachment":[{"href":"https:\/\/trefavensc.fr\/index.php?rest_route=%2Fwp%2Fv2%2Fmedia&parent=6443"}],"curies":[{"name":"wp","href":"https:\/\/api.w.org\/{rel}","templated":true}]}}