{"id":7648,"date":"2013-09-30T19:58:08","date_gmt":"2013-09-30T18:58:08","guid":{"rendered":"http:\/\/collegekerentrech.fr\/?page_id=7648"},"modified":"2019-01-26T11:03:06","modified_gmt":"2019-01-26T10:03:06","slug":"astronomie-2","status":"publish","type":"page","link":"https:\/\/trefavensc.fr\/?page_id=7648","title":{"rendered":"Le planning"},"content":{"rendered":"<table style=\"height: 2622px;\" width=\"746\">\n<tbody>\n<tr>\n<td>\u00a0<img decoding=\"async\" loading=\"lazy\" class=\"aligncenter size-full wp-image-11629\" src=\"http:\/\/collegekerentrech.fr\/wp-content\/uploads\/2013\/09\/astro1.jpg\" alt=\"astro1\" width=\"80\" height=\"80\" \/><\/td>\n<td>\n<h2><\/h2>\n<h2><span style=\"font-size: 14pt;\"><strong>\u00a0Les instruments d&rsquo;observation<\/strong><\/span><\/h2>\n<p style=\"padding-left: 30px;\"><a href=\"http:\/\/collegekerentrech.fr\/01-astronomie\/instruments\/initiation%20astronomie%20a%20kerentrech-questionnaire.html\">Un diaporama pour comprendre<\/a>\u00a0\/\/ Pour les curieux :\u00a0<a href=\"http:\/\/collegekerentrech.fr\/01-astronomie\/instrument-astro\/index.html\">correction\u00a0du diaporama<\/a><\/p>\n<p style=\"padding-left: 30px;\">Premi\u00e8re utilisation des appareils (par 2 ou 3 en salle, 3 t\u00e9lescopes et une lunette)<br \/>\n<em>Constat sur l&rsquo;image, la rigueur, le rangement<\/em><\/p>\n<\/td>\n<\/tr>\n<tr>\n<td><img decoding=\"async\" loading=\"lazy\" class=\"aligncenter size-full wp-image-11631\" src=\"http:\/\/collegekerentrech.fr\/wp-content\/uploads\/2013\/09\/robot-1.jpg\" alt=\"robot\" width=\"90\" height=\"90\" \/><\/p>\n<p>&nbsp;<\/td>\n<td>\n<h2><span style=\"font-size: 14pt; color: #000000;\">\u00a0<a style=\"color: #000000;\" href=\"http:\/\/collegekerentrech.fr\/01-astronomie\/fusee\/index.html\"><strong>Les robots<\/strong><\/a>\u00a0pour explorer l&rsquo;espace<\/span><\/h2>\n<p style=\"padding-left: 30px;\">D\u00e9couverte du robot, du principe de la programmation, des d\u00e9tecteurs,\u00a0du boitier de t\u00e9l\u00e9chargement,\u00a0du r\u00e8glement du d\u00e9fi \u00e0 relever<br \/>\nUn peu long mais les \u00e9l\u00e8ves avaient besoin de ces 5 H<br \/>\n<a href=\"http:\/\/collegekerentrech.fr\/?page_id=7769\">Le d\u00e9fi pour notre robot<\/a><\/p>\n<\/td>\n<\/tr>\n<tr>\n<td><img decoding=\"async\" loading=\"lazy\" class=\"aligncenter size-full wp-image-11630\" src=\"http:\/\/collegekerentrech.fr\/wp-content\/uploads\/2013\/09\/astro2.jpg\" alt=\"astro2\" width=\"80\" height=\"80\" \/><\/p>\n<p>&nbsp;<\/td>\n<td>\n<h2><span style=\"font-size: 14pt;\"><strong>\u00a0Les fus\u00e9es\u00a0<\/strong><strong>( si possible le calcul de hauteur atteinte)<\/strong><\/span><strong><br \/>\n<\/strong><\/h2>\n<p style=\"padding-left: 30px;\"><a href=\"http:\/\/collegekerentrech.fr\/01-astronomie\/fusee\/index.html\">A la d\u00e9couverte des fus\u00e9es<\/a>\u00a0:\u00a0\u00a0principe, en pratique, lancement pratique d&rsquo;une fus\u00e9e \u00e0 eau<\/p>\n<p style=\"padding-left: 30px;\">Micro-fus\u00e9e :\u00a0<a href=\"http:\/\/collegekerentrech.fr\/?page_id=11572\">les points \u00e0 prendre en compte et \u00e0 r\u00e9gler<\/a><\/p>\n<p style=\"padding-left: 30px;\">Le logiciel pour aider \u00e0 la construction :\u00a0<a href=\"http:\/\/www.planete-sciences.org\/espace\/basedoc\/StabTraj\" target=\"_blank\" rel=\"noopener\">Traj Stab<\/a><\/p>\n<p style=\"padding-left: 30px;\">Pr\u00e9sentation des 4 vols possibles :\u00a0<a href=\"http:\/\/collegekerentrech.fr\/01-astronomie\/vol_de_la_fusee-documentation.docx\">instable, indiff\u00e9rent, surstable, stable : un document<\/a><\/p>\n<p style=\"padding-left: 30px;\"><a href=\"http:\/\/collegekerentrech.fr\/?page_id=11574\">La fus\u00e9e de Tintin (les calculs du prof)<\/a><\/p>\n<p style=\"padding-left: 30px;\">Comment mesurer la hauteur du vol ?<\/p>\n<p style=\"padding-left: 30px;\">R\u00e9alisation de micro-fus\u00e9es simples ou avec parachute ou complexes (avec l&rsquo;application).\u00a0Penser \u00e0 faire des fus\u00e9es l\u00e9g\u00e8res<br \/>\n<em>Chercher m\u00e9thode pour mesurer hauteur<\/em><\/p>\n<\/td>\n<\/tr>\n<tr>\n<td><img decoding=\"async\" loading=\"lazy\" class=\"aligncenter size-full wp-image-11172\" src=\"http:\/\/collegekerentrech.fr\/wp-content\/uploads\/2013\/09\/fusee2.jpg\" alt=\"fusee2\" width=\"80\" height=\"80\" \/><\/p>\n<p>&nbsp;<\/td>\n<td>\n<h2><span style=\"font-size: 14pt;\"><strong>Lancement des micro-fus\u00e9es<\/strong><\/span><\/h2>\n<p style=\"padding-left: 30px;\">Qui va aller le plus haut ?\u00a0<a href=\"http:\/\/collegekerentrech.fr\/01-astronomie\/fusee\/calcul%20de%20hauteur%20fus%C3%A9e.html\">La m\u00e9thode pour calculer la hauteur atteinte<\/a><\/p>\n<\/td>\n<\/tr>\n<tr>\n<td>\u00a0<img decoding=\"async\" loading=\"lazy\" class=\"aligncenter size-full wp-image-10528\" src=\"http:\/\/collegekerentrech.fr\/wp-content\/uploads\/2013\/09\/celestia.jpg\" alt=\"celestia\" width=\"80\" height=\"80\" \/><\/td>\n<td>\n<h2><strong>S\u00e9ance : D\u00e9couverte d&rsquo;un logiciel pour voyager dans l&rsquo;espace (C\u00e9lestia)<\/strong><\/h2>\n<ul>\n<li>Pour t\u00e9l\u00e9charger C\u00e9lestia en fran\u00e7ais : <a href=\"http:\/\/www.commentcamarche.net\/download\/telecharger-34055705-celestia\" target=\"_blank\" rel=\"noopener\">http:\/\/www.commentcamarche.net\/download\/telecharger-34055705-celestia<\/a><\/li>\n<li>Un premier (voyage) script (\u00e9crit par Tanguy) :\u00a0<a href=\"http:\/\/collegekerentrech.fr\/01-astronomie\/celestia\/script\/tanguy.cel\">tanguy.cel<\/a><\/li>\n<li>L&rsquo;explication du premier script :\u00a0<a href=\"http:\/\/collegekerentrech.fr\/01-astronomie\/celestia\/celestia-explication-1er-script.docx\" target=\"_blank\" rel=\"noopener\">http:\/\/collegekerentrech.fr\/01-astronomie\/celestia\/celestia-explication-1er-script.docx<\/a><\/li>\n<\/ul>\n<h5 style=\"padding-left: 30px;\"><strong><span style=\"color: #333333;\">Les sites pour comprendre et comment \u00e9crire un script :<\/span><\/strong><\/h5>\n<ul>\n<li>Niveau d\u00e9butant :\u00a0<a href=\"http:\/\/www.ikiru.ch\/celestia\/wiki\/index.php\/Script\">http:\/\/www.ikiru.ch\/celestia\/wiki\/index.php\/Script<\/a><\/li>\n<li>Niveau expert :\u00a0<a href=\"http:\/\/www.donandcarla.com\/Celestia\/cel_scripting\/guide\/Cel_Script_Guide_v1_0g.htm#_Toc63511042\">http:\/\/www.donandcarla.com\/Celestia\/cel_scripting\/guide\/Cel_Script_Guide_v1_0g.htm#_Toc63511042<\/a><\/li>\n<\/ul>\n<h6 style=\"padding-left: 30px;\"><strong> Besoin de textures :<\/strong><\/h6>\n<ul>\n<li>Terre\u00a0:\u00a0<a href=\"http:\/\/www.celestiamotherlode.net\/catalog\/earth.php%C2%A0\">http:\/\/www.celestiamotherlode.net\/catalog\/earth.php\u00a0<\/a><\/li>\n<li>Autres :<a href=\"http:\/\/www.celestiamotherlode.net\/\" target=\"_blank\" rel=\"noopener\">http:\/\/www.celestiamotherlode.net\/<\/a><\/li>\n<li>Quelques scripts qui peuvent vous int\u00e9resser:<a href=\"http:\/\/www.celestiamotherlode.net\/catalog\/scripts.php\" target=\"_blank\" rel=\"noopener\">http:\/\/www.celestiamotherlode.net\/catalog\/scripts.php<\/a><\/li>\n<\/ul>\n<p>\u00b7<\/p>\n<p><em>Un voyage attendu par le prof \u00a0: un d\u00e9part de Lorient , une visite de quelques plan\u00e8tes, un d\u00e9part vers une \u00e9clipse solaire<\/em><\/td>\n<\/tr>\n<tr>\n<td>&nbsp;<\/p>\n<p><strong><img decoding=\"async\" loading=\"lazy\" class=\"aligncenter size-full wp-image-10871\" src=\"http:\/\/collegekerentrech.fr\/wp-content\/uploads\/2015\/05\/astro.jpg\" alt=\"astro\" width=\"150\" height=\"113\" \/><\/strong><\/p>\n<p>&nbsp;<\/td>\n<td>\n<h2><\/h2>\n<h2><strong>S\u00e9ance principale (1) : Astrophotographie (prise en main)<\/strong><\/h2>\n<p>L&rsquo;astrophotographie<br \/>\n<em><a href=\"http:\/\/collegekerentrech.fr\/?page_id=4907\">premiers pas : mat\u00e9riel et logiciels<\/a><br \/>\nmise en place d&rsquo;une autre cam\u00e9ra op\u00e9rationnel ? (essais)<br \/>\nles r\u00e9glages : les \u00e9cueils et les contournements<br \/>\nle bonus de la lentille de Barlow, la qualit\u00e9 des barlows du coll\u00e8ge ? renouvellement des barlows ?<\/em><\/p>\n<p>\u00b7\u00a0\u00a0\u00a0\u00a0\u00a0\u00a0\u00a0\u00a0 Prise en main d&rsquo;un t\u00e9l\u00e9scope en manip tournante (l&rsquo;entrainement avant observation du ciel)<br \/>\n<em>niveau 1 avec oculaire (2 \u00e9l\u00e8ves)<\/em><br \/>\n<em>niveau 2 avec webcam (2\u00e9l\u00e8ves)<\/em><\/p>\n<p>\u00b7\u00a0\u00a0\u00a0\u00a0\u00a0\u00a0\u00a0\u00a0 Fin des microfus\u00e9es<\/td>\n<\/tr>\n<tr>\n<td><strong><img decoding=\"async\" loading=\"lazy\" class=\"aligncenter size-full wp-image-11196\" src=\"http:\/\/collegekerentrech.fr\/wp-content\/uploads\/2013\/09\/soleil.jpg\" alt=\"soleil\" width=\"80\" height=\"73\" \/><\/strong><\/p>\n<p>&nbsp;<\/td>\n<td>\n<h2><strong>S\u00e9ance principale (2) : Astrophotographie Observation et obtention clich\u00e9<\/strong><\/h2>\n<p>\u00b7\u00a0\u00a0\u00a0\u00a0\u00a0\u00a0\u00a0\u00a0 2 t\u00e9l\u00e9scopes avec oculaire, 1 t\u00e9l\u00e9scope avec cam\u00e9ra<\/p>\n<p>\u00b7\u00a0\u00a0\u00a0\u00a0\u00a0\u00a0\u00a0\u00a0 En 1\/2 groupe<\/td>\n<\/tr>\n<tr>\n<td><\/td>\n<td>\n<h2><strong>S\u00e9ance principale (3): Astrophotographie et traitement des images : Registax<\/strong><\/h2>\n<p>\u00b7\u00a0\u00a0\u00a0\u00a0\u00a0\u00a0\u00a0\u00a0 <a href=\"http:\/\/collegekerentrech.fr\/01-astronomie\/Pour%20utiliser%20Registax%206-a.htm\">Prise en main du logiciel Registax<\/a><\/p>\n<p>\u00b7\u00a0\u00a0\u00a0\u00a0\u00a0\u00a0\u00a0\u00a0 <a href=\"http:\/\/collegekerentrech.fr\/?page_id=10260\">Nos films de la Lune<\/a><\/p>\n<p>\u00b7\u00a0\u00a0\u00a0\u00a0\u00a0\u00a0\u00a0\u00a0 Pr\u00e9paration des cordons de raquettes de motorisation<\/p>\n<p>\u00b7\u00a0\u00a0\u00a0\u00a0\u00a0\u00a0\u00a0\u00a0 Comment modifier une webcam en Raw ?<\/p>\n<p>\u00b7\u00a0\u00a0\u00a0\u00a0\u00a0\u00a0\u00a0\u00a0 D\u00e9montage et commande adaptateur webcam<\/td>\n<\/tr>\n<tr>\n<td>&nbsp;<\/p>\n<p>&nbsp;<\/td>\n<td><strong>S\u00e9ance : Exoplan\u00e8tes<\/strong><\/p>\n<p>\u00b7\u00a0\u00a0\u00a0\u00a0\u00a0\u00a0\u00a0\u00a0 <a href=\"http:\/\/collegekerentrech.fr\/01-astronomie\/exoplanete\/index.html\">D\u00e9couvrir\u00a0une\u00a0exoplan\u00e8te<\/a><\/td>\n<\/tr>\n<tr>\n<td><img decoding=\"async\" loading=\"lazy\" class=\"aligncenter size-full wp-image-11177\" src=\"http:\/\/collegekerentrech.fr\/wp-content\/uploads\/2013\/09\/naze.jpg\" alt=\"naze\" width=\"80\" height=\"80\" \/><\/p>\n<p>&nbsp;<\/td>\n<td><strong>S\u00e9ance :\u00a0 A la rencontre d&rsquo;un astrophysicien<\/strong><\/p>\n<p>\u00b7\u00a0\u00a0\u00a0\u00a0\u00a0\u00a0\u00a0\u00a0 Echange en visioconf\u00e9rence avec\u00a0Yael Naz\u00e9 :\u00a0astronome Belge<br \/>\n\u00b7\u00a0\u00a0\u00a0\u00a0\u00a0\u00a0\u00a0\u00a0 Echange avec Luc arnold (exobiologiste au CNRS)<\/td>\n<\/tr>\n<tr>\n<td><\/td>\n<td><strong>S\u00e9ance\u00a0 :<\/strong><strong>\u00a0<\/strong><strong>La fac nous apporte ses lumi\u00e8res et ses manip<\/strong><\/p>\n<p>&nbsp;<\/td>\n<\/tr>\n<tr>\n<td><img decoding=\"async\" loading=\"lazy\" class=\"aligncenter size-full wp-image-11179\" src=\"http:\/\/collegekerentrech.fr\/wp-content\/uploads\/2013\/09\/stellarium.jpg\" alt=\"stellarium\" width=\"80\" height=\"80\" \/><\/p>\n<p>&nbsp;<\/td>\n<td>\u00a0<strong>S\u00e9ance : D\u00e9couverte d&rsquo;un logiciel simulant le ciel Stellarium<\/strong><\/p>\n<p>\u00b7\u00a0\u00a0\u00a0\u00a0\u00a0\u00a0\u00a0\u00a0 <a href=\"http:\/\/www.stellarium.org\/wiki\/index.php\/Accueil\">Le logiciel en fran\u00e7ais indispensable pour la d\u00e9couverte virtuelle du ciel (Tout ce qu&rsquo;il faut savoir: o\u00f9 le t\u00e9l\u00e9charger ? ses possibilit\u00e9s ? etc)<\/a><\/p>\n<p>\u00b7\u00a0\u00a0\u00a0\u00a0\u00a0\u00a0\u00a0\u00a0 <a href=\"http:\/\/collegekerentrech.fr\/wp-admin\/collegekerentrech.fr\/01-astronomie\/stellarium\/Notice%20stellarium.docx\">Pour la prise en main de ce logiciel<\/a><\/p>\n<p>\u00b7\u00a0\u00a0\u00a0\u00a0\u00a0\u00a0\u00a0\u00a0 <a href=\"http:\/\/collegekerentrech.fr\/01-astronomie\/stellarium\/Travail%20avec%20Stellarium.htm\">Le travail avec Stellarium<\/a><\/td>\n<\/tr>\n<tr>\n<td><\/td>\n<td><strong>S\u00e9ance : les cartes d&rsquo;identit\u00e9 des plan\u00e8tes\u00a0<\/strong><\/p>\n<p><strong>A l&rsquo;aide des tablettes<\/strong><\/p>\n<p>\u00b7\u00a0\u00a0\u00a0\u00a0\u00a0\u00a0\u00a0\u00a0 Recherche individuelle des crit\u00e8res \u00e0 faire apparaitre sur cette carte d&rsquo;identit\u00e9 (5 \u00e0 10 min)<\/p>\n<p>\u00b7\u00a0\u00a0\u00a0\u00a0\u00a0\u00a0\u00a0\u00a0 Mise en commun des crit\u00e8res,\u00a0\u00a0<a href=\"http:\/\/collegekerentrech.fr\/?p=8153\">d\u00e9couverte de la carte d&rsquo;identit\u00e9 retenue (5 \u00e0 10 min)<\/a><\/p>\n<p>\u00b7\u00a0\u00a0\u00a0\u00a0\u00a0\u00a0\u00a0\u00a0 Mise en ligne sur le site du coll\u00e8ge en tant que billet dans un premier temps\u00a0(le prof r\u00e9organisera en page)<\/td>\n<\/tr>\n<\/tbody>\n<\/table>\n<p>&nbsp;<\/p>\n<p><strong style=\"font-family: arial; background-color: #f3f3f3;\">\u00a0<\/strong><\/p>\n<p><strong style=\"font-family: arial; background-color: #f3f3f3;\">\u00a0<\/strong><\/p>\n","protected":false},"excerpt":{"rendered":"<p>\u00a0 \u00a0Les instruments d&rsquo;observation Un diaporama pour comprendre\u00a0\/\/ Pour les curieux :\u00a0correction\u00a0du diaporama Premi\u00e8re utilisation des appareils (par 2 ou 3 en salle, 3 t\u00e9lescopes et une lunette) Constat sur l&rsquo;image, la rigueur, le rangement &nbsp; \u00a0Les robots\u00a0pour explorer l&rsquo;espace D\u00e9couverte du robot, du principe de la programmation, des d\u00e9tecteurs,\u00a0du boitier de t\u00e9l\u00e9chargement,\u00a0du r\u00e8glement du &hellip; <\/p>\n<p><a class=\"more-link btn\" href=\"https:\/\/trefavensc.fr\/?page_id=7648\">Lire la suite<\/a><\/p>\n","protected":false},"author":2,"featured_media":0,"parent":16008,"menu_order":13,"comment_status":"closed","ping_status":"closed","template":"","meta":{"ngg_post_thumbnail":0},"_links":{"self":[{"href":"https:\/\/trefavensc.fr\/index.php?rest_route=\/wp\/v2\/pages\/7648"}],"collection":[{"href":"https:\/\/trefavensc.fr\/index.php?rest_route=\/wp\/v2\/pages"}],"about":[{"href":"https:\/\/trefavensc.fr\/index.php?rest_route=\/wp\/v2\/types\/page"}],"author":[{"embeddable":true,"href":"https:\/\/trefavensc.fr\/index.php?rest_route=\/wp\/v2\/users\/2"}],"replies":[{"embeddable":true,"href":"https:\/\/trefavensc.fr\/index.php?rest_route=%2Fwp%2Fv2%2Fcomments&post=7648"}],"version-history":[{"count":91,"href":"https:\/\/trefavensc.fr\/index.php?rest_route=\/wp\/v2\/pages\/7648\/revisions"}],"predecessor-version":[{"id":16015,"href":"https:\/\/trefavensc.fr\/index.php?rest_route=\/wp\/v2\/pages\/7648\/revisions\/16015"}],"up":[{"embeddable":true,"href":"https:\/\/trefavensc.fr\/index.php?rest_route=\/wp\/v2\/pages\/16008"}],"wp:attachment":[{"href":"https:\/\/trefavensc.fr\/index.php?rest_route=%2Fwp%2Fv2%2Fmedia&parent=7648"}],"curies":[{"name":"wp","href":"https:\/\/api.w.org\/{rel}","templated":true}]}}